{"id":98,"date":"2018-12-30T20:38:55","date_gmt":"2018-12-30T20:38:55","guid":{"rendered":"https:\/\/tierheilpraxis-lengerich.de\/?page_id=98"},"modified":"2019-03-06T07:44:34","modified_gmt":"2019-03-06T07:44:34","slug":"behandlungsablauf","status":"publish","type":"page","link":"https:\/\/tierheilpraxis-lengerich.de\/?page_id=98","title":{"rendered":"Behandlungsablauf"},"content":{"rendered":"\n<h4 class=\"wp-block-heading\">Terminabsprache:<\/h4>\n\n\n\n<p style=\"text-align:left\">Nachdem Sie mir das Problem ihres Tieres telefonisch beschrieben haben, vereinbaren wir einen <strong>Termin bei Ihnen zu Hause oder im Stall<\/strong>. So vermeiden wir f\u00fcr ihr Tier den Reisestress.<\/p>\n\n\n\n<h4 class=\"wp-block-heading\">Ihre &#8222;Hausaufgaben&#8220; vor dem ersten Termin:<\/h4>\n\n\n\n<p><strong>Schreiben Sie stichpunktartig <\/strong>den genauen <strong>Verlauf der Krankheit<\/strong> auf und bringen Sie <strong>alle bisher erhaltenen Untersuchungserbnisse z. B. Blutbild, Kotproben etc<\/strong>. und die <strong>bisher gestellten Diagnosen<\/strong> mit. <\/p>\n\n\n\n<h4 class=\"wp-block-heading\">Der erste Termin:<\/h4>\n\n\n\n<p><strong>Planen Sie f\u00fcr den ersten Termin ausreichend Zeit ein<\/strong>. Eine genaue Erstanamnese mit ganzheitlicher Befundaufnahme sollte ohne Zeitdruck stattfinden und <strong>dauert zwischen 1 bis 2 Stunden.<\/strong><\/p>\n\n\n\n<p>Bei diesem <strong>ersten Termin<\/strong> arbeiten wir gemeinsam den <strong>Krankheitsverlauf<\/strong> genau durch und ich werde ihr <strong>Tier umfassend untersuchen<\/strong>. Eine <strong>relativ schematische Ersttherapie<\/strong> kann an diesem Termin die Behandlung einleiten.<\/p>\n\n\n\n<p>Ich werte die durchgef\u00fchrte Befundaufnahme <strong>bis zum n\u00e4chsten Folgetermin <\/strong> komplett aus und <strong>erstelle einen ganz individuell auf Ihr Tier abgestimmten Behandlungsplan<\/strong>.  Durch diese Individualit\u00e4t erh\u00f6ht sich die Therapieerfolgswahrscheinlichkeit. <\/p>\n\n\n\n<h4 class=\"wp-block-heading\">Folgetermine:<\/h4>\n\n\n\n<p>Nach der Aufnahme der zwischenzeitlichen Ver\u00e4nderungen wird entweder ein Heilverfahren der alternativen Medizin angewandt oder aber auch mehrere. <\/p>\n\n\n\n<p>Die Folgetermine k\u00f6nnen m\u00f6glicherweise k\u00fcrzer sein, aber stellen Sie sich besser auch auf<strong> eine Stunde<\/strong> ein. <\/p>\n\n\n\n<h4 class=\"wp-block-heading\">Auf zwei Arten geht die Therapie im Nachhinein zu Hause noch weiter:<\/h4>\n\n\n\n<ol class=\"wp-block-list\"><li>Bei allen (alternativ) medizinischen Therapien ben\u00f6tigt der K\u00f6rper nach der Behandlung Zeit darauf zu reagieren. In manchen F\u00e4llen ist die Ver\u00e4nderung erst nach Tagen sichtbar. Andererseits besteht die M\u00f6glichkeit einer \u00fcberm\u00e4\u00dfigen  <a href=\"https:\/\/tierheilpraxis-lengerich.de\/?page_id=373\">\u201eErstreaktion\u201c<\/a> . <\/li><li>Nach einer Behandlungseinheit ist <strong>ihr Tier<\/strong> fast in allen F\u00e4llen <strong>auf ihre Mitarbeit<\/strong> durch Medikamentengabe etc. <strong>angewiesen<\/strong>. M\u00f6glicherweise erhalten Sie auch Anleitungen f\u00fcr die Folgezeit um das Wohlbefinden ihres Tieres zu verbessern (z. B. einfache Massage, Trainingsanleitung, Ern\u00e4hrungs- oder Haltungsumstellung).<\/li><\/ol>\n\n\n\n<p> <br><\/p>\n\n\n\n<p style=\"text-align:right\">Weiter zu: <em><a href=\"https:\/\/tierheilpraxis-lengerich.de\/?page_id=106\">Informationen zu den Preisen<\/a><\/em><\/p>\n\n\n\n<p style=\"text-align:right\">Zur\u00fcck: <a href=\"https:\/\/tierheilpraxis-lengerich.de\/\"><em>Startseite<\/em><\/a><\/p>\n","protected":false},"excerpt":{"rendered":"<p>Terminabsprache: Nachdem Sie mir das Problem ihres Tieres telefonisch beschrieben haben, vereinbaren wir einen Termin bei Ihnen zu Hause oder im Stall. So vermeiden wir f\u00fcr ihr Tier den Reisestress. Ihre &#8222;Hausaufgaben&#8220; vor dem ersten Termin: Schreiben Sie stichpunktartig den genauen Verlauf der Krankheit auf und bringen Sie alle bisher erhaltenen Untersuchungserbnisse z. B. Blutbild, &hellip; <a href=\"https:\/\/tierheilpraxis-lengerich.de\/?page_id=98\" class=\"more-link\"><span class=\"screen-reader-text\">Behandlungsablauf<\/span> weiterlesen<\/a><\/p>\n","protected":false},"author":1,"featured_media":0,"parent":0,"menu_order":6,"comment_status":"closed","ping_status":"closed","template":"","meta":{"footnotes":""},"class_list":["post-98","page","type-page","status-publish","hentry"],"_links":{"self":[{"href":"https:\/\/tierheilpraxis-lengerich.de\/index.php?rest_route=\/wp\/v2\/pages\/98","targetHints":{"allow":["GET"]}}],"collection":[{"href":"https:\/\/tierheilpraxis-lengerich.de\/index.php?rest_route=\/wp\/v2\/pages"}],"about":[{"href":"https:\/\/tierheilpraxis-lengerich.de\/index.php?rest_route=\/wp\/v2\/types\/page"}],"author":[{"embeddable":true,"href":"https:\/\/tierheilpraxis-lengerich.de\/index.php?rest_route=\/wp\/v2\/users\/1"}],"replies":[{"embeddable":true,"href":"https:\/\/tierheilpraxis-lengerich.de\/index.php?rest_route=%2Fwp%2Fv2%2Fcomments&post=98"}],"version-history":[{"count":20,"href":"https:\/\/tierheilpraxis-lengerich.de\/index.php?rest_route=\/wp\/v2\/pages\/98\/revisions"}],"predecessor-version":[{"id":1153,"href":"https:\/\/tierheilpraxis-lengerich.de\/index.php?rest_route=\/wp\/v2\/pages\/98\/revisions\/1153"}],"wp:attachment":[{"href":"https:\/\/tierheilpraxis-lengerich.de\/index.php?rest_route=%2Fwp%2Fv2%2Fmedia&parent=98"}],"curies":[{"name":"wp","href":"https:\/\/api.w.org\/{rel}","templated":true}]}}