{"id":979,"date":"2019-02-26T20:15:37","date_gmt":"2019-02-26T20:15:37","guid":{"rendered":"https:\/\/tierheilpraxis-lengerich.de\/?page_id=979"},"modified":"2019-02-28T20:49:58","modified_gmt":"2019-02-28T20:49:58","slug":"die-11-verschiedenen-lifewave-patches","status":"publish","type":"page","link":"https:\/\/tierheilpraxis-lengerich.de\/?page_id=979","title":{"rendered":"Die 12 verschiedenen Lifewave-Patches"},"content":{"rendered":"\n<figure class=\"wp-block-image\"><img loading=\"lazy\" decoding=\"async\" width=\"1024\" height=\"470\" src=\"https:\/\/tierheilpraxis-lengerich.de\/wp-content\/uploads\/2019\/02\/LW_family_shot2_EU-FILEminimizer-1024x470.jpg\" alt=\"\" class=\"wp-image-985\" srcset=\"https:\/\/tierheilpraxis-lengerich.de\/wp-content\/uploads\/2019\/02\/LW_family_shot2_EU-FILEminimizer-1024x470.jpg 1024w, https:\/\/tierheilpraxis-lengerich.de\/wp-content\/uploads\/2019\/02\/LW_family_shot2_EU-FILEminimizer-300x138.jpg 300w, https:\/\/tierheilpraxis-lengerich.de\/wp-content\/uploads\/2019\/02\/LW_family_shot2_EU-FILEminimizer-768x353.jpg 768w, https:\/\/tierheilpraxis-lengerich.de\/wp-content\/uploads\/2019\/02\/LW_family_shot2_EU-FILEminimizer.jpg 1045w\" sizes=\"auto, (max-width: 1024px) 100vw, 1024px\" \/><\/figure>\n\n\n\n<h4 class=\"wp-block-heading\">Zurzeit gibt es 12 verschiedene Pflasterarten, die auf verschiedenartige, physiologische Abl\u00e4ufe im K\u00f6rper wirken und so erstaunliche Resultat hervorrufen <br><\/h4>\n\n\n\n<p>hier einige Aussagen der Firma Lifewave \u00fcber ihre Produkte:<\/p>\n\n\n\n<ol class=\"wp-block-list\"><li> X 39: Steigert den Gehalt eines Peptids, das daf\u00fcr bekannt ist die  Stammzellen zu aktivieren, steigert die Energie und verbessert den Schlaf und das allgemeine Wohlbefinden <\/li><li>Aeon: Stressabbau im K\u00f6rper, Vergeringerung von  Entz\u00fcndungen, f\u00f6rdert Entspannung<\/li><li>Carnosine: verbessert Kraft, Flexibilit\u00e4t und die allgemeine Gesundheit<\/li><li>Gutathione: Unterst\u00fctzt das Immunsystem,  F\u00f6rdert die Freisetzung eingelagerten Giftstoffe <\/li><li>Energy enhancer: steigert die Energie und Ausdauer und unterst\u00fctzt bei der k\u00f6rperliche Fitnessroutine<\/li><li>Ice-Wave: Sichere und nat\u00fcrliche Schmerzlinderung, schnell wirkend und nicht suchterzeugend<\/li><li>SP36: Appetit regulierend, kann Essensgel\u00fcste reduzieren<\/li><li>Silent Nights:  Verbessert die Schlafqualit\u00e4t<\/li><li>Nirvana-Patch und Presslinge: Kurbelt die Endorphinproduktion an, um die Stimmung zu heben<\/li><li>WinFit: Verbessert Muskelformung<\/li><li>Alavida: Verbessert die Gesundheit der Haut von innen nach au\u00dfen und von au\u00dfen nach innen<\/li><li>AccuLife: spezielles Pflaster f\u00fcr Pferde zur Schmerzregulation und Flexibilit\u00e4tserh\u00f6hung in Kombination mit Akupressurkugeln<\/li><\/ol>\n\n\n\n<p style=\"text-align:right\">Weiteres finden Sie auf der Website der <a href=\"https:\/\/www.lifewave.com\/992553\"><em>Firma Lifewave<\/em><\/a><\/p>\n\n\n\n<p class=\"has-text-color has-bright-blue-color\">Haben Sie Interesse? Dann kann ich Ihnen als Lifewave-Beraterin (ID-Nr. 99 25 53) gerne beratend zur Seite stehen. <\/p>\n\n\n\n<p style=\"text-align:right\"> Zur\u00fcck:     <a href=\"https:\/\/tierheilpraxis-lengerich.de\/?page_id=281\"><em>Behandlungsspektrum<\/em><\/a><\/p>\n","protected":false},"excerpt":{"rendered":"<p>Zurzeit gibt es 12 verschiedene Pflasterarten, die auf verschiedenartige, physiologische Abl\u00e4ufe im K\u00f6rper wirken und so erstaunliche Resultat hervorrufen hier einige Aussagen der Firma Lifewave \u00fcber ihre Produkte: X 39: Steigert den Gehalt eines Peptids, das daf\u00fcr bekannt ist die Stammzellen zu aktivieren, steigert die Energie und verbessert den Schlaf und das allgemeine Wohlbefinden Aeon: &hellip; <a href=\"https:\/\/tierheilpraxis-lengerich.de\/?page_id=979\" class=\"more-link\"><span class=\"screen-reader-text\">Die 12 verschiedenen Lifewave-Patches<\/span> weiterlesen<\/a><\/p>\n","protected":false},"author":1,"featured_media":0,"parent":0,"menu_order":0,"comment_status":"closed","ping_status":"closed","template":"","meta":{"footnotes":""},"class_list":["post-979","page","type-page","status-publish","hentry"],"_links":{"self":[{"href":"https:\/\/tierheilpraxis-lengerich.de\/index.php?rest_route=\/wp\/v2\/pages\/979","targetHints":{"allow":["GET"]}}],"collection":[{"href":"https:\/\/tierheilpraxis-lengerich.de\/index.php?rest_route=\/wp\/v2\/pages"}],"about":[{"href":"https:\/\/tierheilpraxis-lengerich.de\/index.php?rest_route=\/wp\/v2\/types\/page"}],"author":[{"embeddable":true,"href":"https:\/\/tierheilpraxis-lengerich.de\/index.php?rest_route=\/wp\/v2\/users\/1"}],"replies":[{"embeddable":true,"href":"https:\/\/tierheilpraxis-lengerich.de\/index.php?rest_route=%2Fwp%2Fv2%2Fcomments&post=979"}],"version-history":[{"count":9,"href":"https:\/\/tierheilpraxis-lengerich.de\/index.php?rest_route=\/wp\/v2\/pages\/979\/revisions"}],"predecessor-version":[{"id":1080,"href":"https:\/\/tierheilpraxis-lengerich.de\/index.php?rest_route=\/wp\/v2\/pages\/979\/revisions\/1080"}],"wp:attachment":[{"href":"https:\/\/tierheilpraxis-lengerich.de\/index.php?rest_route=%2Fwp%2Fv2%2Fmedia&parent=979"}],"curies":[{"name":"wp","href":"https:\/\/api.w.org\/{rel}","templated":true}]}}