{"id":78,"date":"2018-12-30T22:29:33","date_gmt":"2018-12-30T22:29:33","guid":{"rendered":"https:\/\/tierheilpraxis-lengerich.de\/?page_id=78"},"modified":"2019-06-15T12:19:51","modified_gmt":"2019-06-15T12:19:51","slug":"home","status":"publish","type":"page","link":"https:\/\/tierheilpraxis-lengerich.de\/","title":{"rendered":"Herzlich Willkommen!"},"content":{"rendered":"\n<h1 class=\"wp-block-heading\" style=\"text-align:center\"><em>Mobile Tierheilpraxis <\/em><br><em>Annette Bluhm <\/em><\/h1>\n\n\n\n<h2 class=\"wp-block-heading\" style=\"text-align:center\"><em>f\u00fcr Pferde und Kleintiere <\/em><\/h2>\n\n\n\n<ul class=\"wp-block-gallery columns-2 is-cropped wp-block-gallery-1 is-layout-flex wp-block-gallery-is-layout-flex\"><li class=\"blocks-gallery-item\"><figure><img loading=\"lazy\" decoding=\"async\" width=\"640\" height=\"649\" src=\"https:\/\/tierheilpraxis-lengerich.de\/wp-content\/uploads\/2019\/02\/Logo-Tierodavinci-Web-bleu-FILEminimizer.jpg\" alt=\"\" data-id=\"783\" data-link=\"https:\/\/tierheilpraxis-lengerich.de\/?attachment_id=783\" class=\"wp-image-783\" srcset=\"https:\/\/tierheilpraxis-lengerich.de\/wp-content\/uploads\/2019\/02\/Logo-Tierodavinci-Web-bleu-FILEminimizer.jpg 640w, https:\/\/tierheilpraxis-lengerich.de\/wp-content\/uploads\/2019\/02\/Logo-Tierodavinci-Web-bleu-FILEminimizer-296x300.jpg 296w\" sizes=\"auto, (max-width: 640px) 100vw, 640px\" \/><figcaption><strong><em><a href=\"https:\/\/tierheilpraxis-lengerich.de\/?page_id=161\" style=\"color: white\">Mobile Tierheilpraxis<\/a><\/em><\/strong><\/figcaption><\/figure><\/li><li class=\"blocks-gallery-item\"><figure><img loading=\"lazy\" decoding=\"async\" width=\"640\" height=\"649\" src=\"https:\/\/tierheilpraxis-lengerich.de\/wp-content\/uploads\/2019\/02\/Logo-Tierodavinci-Web-gr\u00fcn-FILEminimizer.jpg\" alt=\"\" data-id=\"760\" data-link=\"https:\/\/tierheilpraxis-lengerich.de\/?attachment_id=760\" class=\"wp-image-760\" srcset=\"https:\/\/tierheilpraxis-lengerich.de\/wp-content\/uploads\/2019\/02\/Logo-Tierodavinci-Web-gr\u00fcn-FILEminimizer.jpg 640w, https:\/\/tierheilpraxis-lengerich.de\/wp-content\/uploads\/2019\/02\/Logo-Tierodavinci-Web-gr\u00fcn-FILEminimizer-296x300.jpg 296w\" sizes=\"auto, (max-width: 640px) 100vw, 640px\" \/><figcaption><strong><em><a href=\"https:\/\/tierheilpraxis-lengerich.de\/?page_id=98\" style=\"color: white\">Behandlungsablauf<\/a><\/em><\/strong><\/figcaption><\/figure><\/li><li class=\"blocks-gallery-item\"><figure><img loading=\"lazy\" decoding=\"async\" width=\"640\" height=\"649\" src=\"https:\/\/tierheilpraxis-lengerich.de\/wp-content\/uploads\/2019\/02\/Logo-Tierodavinci-Web-altrosa-FILEminimizer.jpg\" alt=\"\" data-id=\"781\" data-link=\"https:\/\/tierheilpraxis-lengerich.de\/?attachment_id=781\" class=\"wp-image-781\" srcset=\"https:\/\/tierheilpraxis-lengerich.de\/wp-content\/uploads\/2019\/02\/Logo-Tierodavinci-Web-altrosa-FILEminimizer.jpg 640w, https:\/\/tierheilpraxis-lengerich.de\/wp-content\/uploads\/2019\/02\/Logo-Tierodavinci-Web-altrosa-FILEminimizer-296x300.jpg 296w\" sizes=\"auto, (max-width: 640px) 100vw, 640px\" \/><figcaption><strong><em><a href=\"https:\/\/tierheilpraxis-lengerich.de\/?page_id=281\" style=\"color: white\">Behandlungsmethoden<\/a><\/em><\/strong><\/figcaption><\/figure><\/li><li class=\"blocks-gallery-item\"><figure><img loading=\"lazy\" decoding=\"async\" width=\"639\" height=\"480\" src=\"https:\/\/tierheilpraxis-lengerich.de\/wp-content\/uploads\/2019\/02\/IMG_20180713_162507-FILEminimizer.jpg\" alt=\"\" data-id=\"752\" data-link=\"https:\/\/tierheilpraxis-lengerich.de\/?attachment_id=752\" class=\"wp-image-752\" srcset=\"https:\/\/tierheilpraxis-lengerich.de\/wp-content\/uploads\/2019\/02\/IMG_20180713_162507-FILEminimizer.jpg 639w, https:\/\/tierheilpraxis-lengerich.de\/wp-content\/uploads\/2019\/02\/IMG_20180713_162507-FILEminimizer-300x225.jpg 300w\" sizes=\"auto, (max-width: 639px) 100vw, 639px\" \/><figcaption><strong><em><a href=\"https:\/\/tierheilpraxis-lengerich.de\/?page_id=103\" style=\"color: white\">Alternative Medizin<\/a><\/em><\/strong><\/figcaption><\/figure><\/li><li class=\"blocks-gallery-item\"><figure><img loading=\"lazy\" decoding=\"async\" width=\"640\" height=\"639\" src=\"https:\/\/tierheilpraxis-lengerich.de\/wp-content\/uploads\/2019\/02\/LW-Independent-Distributor-GE-FILEminimizer-2.jpg\" alt=\"\" data-id=\"768\" data-link=\"https:\/\/tierheilpraxis-lengerich.de\/?attachment_id=768\" class=\"wp-image-768\" srcset=\"https:\/\/tierheilpraxis-lengerich.de\/wp-content\/uploads\/2019\/02\/LW-Independent-Distributor-GE-FILEminimizer-2.jpg 640w, https:\/\/tierheilpraxis-lengerich.de\/wp-content\/uploads\/2019\/02\/LW-Independent-Distributor-GE-FILEminimizer-2-150x150.jpg 150w, https:\/\/tierheilpraxis-lengerich.de\/wp-content\/uploads\/2019\/02\/LW-Independent-Distributor-GE-FILEminimizer-2-300x300.jpg 300w\" sizes=\"auto, (max-width: 640px) 100vw, 640px\" \/><figcaption><strong><a href=\"https:\/\/tierheilpraxis-lengerich.de\/?page_id=290\" style=\"color: white\">Lifewave-Pflaster<\/a><\/strong><\/figcaption><\/figure><\/li><li class=\"blocks-gallery-item\"><figure><img loading=\"lazy\" decoding=\"async\" width=\"639\" height=\"650\" src=\"https:\/\/tierheilpraxis-lengerich.de\/wp-content\/uploads\/2019\/02\/IMG_20181031_111324-FILEminimizer-1-e1550998326743.jpg\" alt=\"\" data-id=\"835\" data-link=\"https:\/\/tierheilpraxis-lengerich.de\/?attachment_id=835\" class=\"wp-image-835\" srcset=\"https:\/\/tierheilpraxis-lengerich.de\/wp-content\/uploads\/2019\/02\/IMG_20181031_111324-FILEminimizer-1-e1550998326743.jpg 639w, https:\/\/tierheilpraxis-lengerich.de\/wp-content\/uploads\/2019\/02\/IMG_20181031_111324-FILEminimizer-1-e1550998326743-295x300.jpg 295w\" sizes=\"auto, (max-width: 639px) 100vw, 639px\" \/><figcaption><strong><em><a href=\"https:\/\/tierheilpraxis-lengerich.de\/?page_id=301\" style=\"color: white\">Sole-Ionen-Sauerstoff-Inhalation<\/a><\/em><\/strong><\/figcaption><\/figure><\/li><\/ul>\n\n\n\n<div class=\"wp-block-media-text alignwide is-stacked-on-mobile\" style=\"grid-template-columns:23% auto\"><figure class=\"wp-block-media-text__media\"><img loading=\"lazy\" decoding=\"async\" width=\"354\" height=\"554\" src=\"https:\/\/tierheilpraxis-lengerich.de\/wp-content\/uploads\/2018\/12\/Annette-Bluhm.jpg\" alt=\"\" class=\"wp-image-96\" srcset=\"https:\/\/tierheilpraxis-lengerich.de\/wp-content\/uploads\/2018\/12\/Annette-Bluhm.jpg 354w, https:\/\/tierheilpraxis-lengerich.de\/wp-content\/uploads\/2018\/12\/Annette-Bluhm-192x300.jpg 192w\" sizes=\"auto, (max-width: 354px) 100vw, 354px\" \/><\/figure><div class=\"wp-block-media-text__content\">\n<p style=\"text-align:center\" class=\"has-large-font-size\"><strong><em>Annette Bluhm <\/em><\/strong><\/p>\n\n\n\n<p style=\"text-align:center\">gepr\u00fcfte Tierheilpraktikerin beim \u00c4ltesten Verband der Tierheilpraktiker Deutschlands<\/p>\n\n\n\n<p>aber auch Human-Zahn\u00e4rztin (Dr. med. dent.), Reitwart und Pferde-Trainer nach Eschbach<\/p>\n<\/div><\/div>\n\n\n\n<h1 class=\"wp-block-heading\" style=\"text-align:center\">Kontaktdaten<\/h1>\n\n\n\n<p style=\"text-align:center\"><strong>49525 Lengerich<\/strong><\/p>\n\n\n\n<p style=\"text-align:center\"><strong>Mobil: 0170 65 14 104<\/strong><\/p>\n\n\n\n<p style=\"text-align:center\"><strong>E-Mail:\ninfo@tierheilpraxis-lengerich.de<\/strong><\/p>\n\n\n\n<p style=\"text-align:center\"><strong>Internet: www.tierheilpraxis-lengerich.de<\/strong><\/p>\n","protected":false},"excerpt":{"rendered":"<p>Mobile Tierheilpraxis Annette Bluhm f\u00fcr Pferde und Kleintiere Annette Bluhm gepr\u00fcfte Tierheilpraktikerin beim \u00c4ltesten Verband der Tierheilpraktiker Deutschlands aber auch Human-Zahn\u00e4rztin (Dr. med. dent.), Reitwart und Pferde-Trainer nach Eschbach Kontaktdaten 49525 Lengerich Mobil: 0170 65 14 104 E-Mail: info@tierheilpraxis-lengerich.de Internet: www.tierheilpraxis-lengerich.de<\/p>\n","protected":false},"author":1,"featured_media":0,"parent":0,"menu_order":1,"comment_status":"closed","ping_status":"closed","template":"","meta":{"footnotes":""},"class_list":["post-78","page","type-page","status-publish","hentry"],"_links":{"self":[{"href":"https:\/\/tierheilpraxis-lengerich.de\/index.php?rest_route=\/wp\/v2\/pages\/78","targetHints":{"allow":["GET"]}}],"collection":[{"href":"https:\/\/tierheilpraxis-lengerich.de\/index.php?rest_route=\/wp\/v2\/pages"}],"about":[{"href":"https:\/\/tierheilpraxis-lengerich.de\/index.php?rest_route=\/wp\/v2\/types\/page"}],"author":[{"embeddable":true,"href":"https:\/\/tierheilpraxis-lengerich.de\/index.php?rest_route=\/wp\/v2\/users\/1"}],"replies":[{"embeddable":true,"href":"https:\/\/tierheilpraxis-lengerich.de\/index.php?rest_route=%2Fwp%2Fv2%2Fcomments&post=78"}],"version-history":[{"count":93,"href":"https:\/\/tierheilpraxis-lengerich.de\/index.php?rest_route=\/wp\/v2\/pages\/78\/revisions"}],"predecessor-version":[{"id":1176,"href":"https:\/\/tierheilpraxis-lengerich.de\/index.php?rest_route=\/wp\/v2\/pages\/78\/revisions\/1176"}],"wp:attachment":[{"href":"https:\/\/tierheilpraxis-lengerich.de\/index.php?rest_route=%2Fwp%2Fv2%2Fmedia&parent=78"}],"curies":[{"name":"wp","href":"https:\/\/api.w.org\/{rel}","templated":true}]}}