{"id":697,"date":"2019-02-14T21:12:26","date_gmt":"2019-02-14T21:12:26","guid":{"rendered":"https:\/\/tierheilpraxis-lengerich.de\/?page_id=697"},"modified":"2019-02-24T09:29:33","modified_gmt":"2019-02-24T09:29:33","slug":"was-bewirkt-sauerstoff","status":"publish","type":"page","link":"https:\/\/tierheilpraxis-lengerich.de\/?page_id=697","title":{"rendered":"Was bewirkt Sauerstoff?"},"content":{"rendered":"\n<p><strong>Sauerstoff wirkt belebend, erh\u00f6ht die K\u00f6rperenergie, st\u00e4rkt das Immunsystem und beschleunigt die Regenerationsf\u00e4higkeit.<\/strong><\/p>\n\n\n<p>Dies kann man besser verstehen, wenn man folgendes bedenkt:<br><!--StartFragment--><\/p>\n\n\n<p>Jede K\u00f6rperzelle verrichtet st\u00e4ndig ihre\nArbeit. Die Herzmuskelzellen pumpen kontinuierlich, die Nierenzellen sorgen f\u00fcr\ndie Ausscheidung von im Organismus nicht ben\u00f6tigter Stoffe, die Leberzellen\ns\u00e4ubern das Blut, bauen viele Stoffe um und lagern viele wichtige Produkte ein\nusw. <\/p>\n\n\n\n<p>Damit diese Zellen ihre Arbeit\nverrichten k\u00f6nnen, ben\u00f6tigt jede einzelne Zelle Energie. Diese Energie k\u00f6nnen\ndie Zellen durch ihre eigenen kleinen Kraftwerke (Mitochondrien) selber\nproduzieren. Hierf\u00fcr werden die Brennmaterialien, die durch die Nahrung\nzugef\u00fcgt werden, in ihren Mitochondrien verbrannt. Genauso wie bei einem Feuer\nin unserer Au\u00dfenwelt, brauchen die K\u00f6rperzellen zur Verbrennung auch\nSauerstoff. Dieser Sauerstoff wird durch die Lunge dem K\u00f6rper zur Verf\u00fcgung\ngestellt. <\/p>\n\n\n\n<p> Bei einer reduzierten Funktion des Atmungstraktes wird logischerweise der gesamte Organismus aufgrund des Sauerstoffmangels ausgebremst. Angefangen von einem k\u00f6rperlichen Leistungsverlust und geistiger Abgeschlagenheit, \u00fcber reduzierten Stoffwechsel, erh\u00f6hter Infektanf\u00e4lligkeit bis hin zum Abbau der Energiereserven. Das Pferd magert dadurch ab und verliert an Muskelmasse. Zus\u00e4tzlich reduziert sich die Erholungsf\u00e4higkeit nach Beanspruchung wenn der Sauerstoff im K\u00f6rper fehlt. <\/p>\n\n\n\n<p> Zus\u00e4tzlich reduziert Sauerstoff  die Aktivit\u00e4t und \/ oder die Anzahl vieler Bakterien z. B. der Anerobier, Schimmel- und F\u00e4ulnisbakterien.  <\/p>\n\n\n\n<p style=\"text-align:right\"> zur\u00fcck zu: <a href=\"https:\/\/tierheilpraxis-lengerich.de\/?page_id=245\"><em>Weiteres zur Sole-Ionen-Sauerstoff-Inhalationskammer<\/em><\/a><\/p>\n","protected":false},"excerpt":{"rendered":"<p>Sauerstoff wirkt belebend, erh\u00f6ht die K\u00f6rperenergie, st\u00e4rkt das Immunsystem und beschleunigt die Regenerationsf\u00e4higkeit. Dies kann man besser verstehen, wenn man folgendes bedenkt: Jede K\u00f6rperzelle verrichtet st\u00e4ndig ihre Arbeit. Die Herzmuskelzellen pumpen kontinuierlich, die Nierenzellen sorgen f\u00fcr die Ausscheidung von im Organismus nicht ben\u00f6tigter Stoffe, die Leberzellen s\u00e4ubern das Blut, bauen viele Stoffe um und lagern &hellip; <a href=\"https:\/\/tierheilpraxis-lengerich.de\/?page_id=697\" class=\"more-link\"><span class=\"screen-reader-text\">Was bewirkt Sauerstoff?<\/span> weiterlesen<\/a><\/p>\n","protected":false},"author":1,"featured_media":0,"parent":0,"menu_order":0,"comment_status":"closed","ping_status":"closed","template":"","meta":{"footnotes":""},"class_list":["post-697","page","type-page","status-publish","hentry"],"_links":{"self":[{"href":"https:\/\/tierheilpraxis-lengerich.de\/index.php?rest_route=\/wp\/v2\/pages\/697","targetHints":{"allow":["GET"]}}],"collection":[{"href":"https:\/\/tierheilpraxis-lengerich.de\/index.php?rest_route=\/wp\/v2\/pages"}],"about":[{"href":"https:\/\/tierheilpraxis-lengerich.de\/index.php?rest_route=\/wp\/v2\/types\/page"}],"author":[{"embeddable":true,"href":"https:\/\/tierheilpraxis-lengerich.de\/index.php?rest_route=\/wp\/v2\/users\/1"}],"replies":[{"embeddable":true,"href":"https:\/\/tierheilpraxis-lengerich.de\/index.php?rest_route=%2Fwp%2Fv2%2Fcomments&post=697"}],"version-history":[{"count":4,"href":"https:\/\/tierheilpraxis-lengerich.de\/index.php?rest_route=\/wp\/v2\/pages\/697\/revisions"}],"predecessor-version":[{"id":849,"href":"https:\/\/tierheilpraxis-lengerich.de\/index.php?rest_route=\/wp\/v2\/pages\/697\/revisions\/849"}],"wp:attachment":[{"href":"https:\/\/tierheilpraxis-lengerich.de\/index.php?rest_route=%2Fwp%2Fv2%2Fmedia&parent=697"}],"curies":[{"name":"wp","href":"https:\/\/api.w.org\/{rel}","templated":true}]}}