{"id":685,"date":"2019-02-14T20:37:52","date_gmt":"2019-02-14T20:37:52","guid":{"rendered":"https:\/\/tierheilpraxis-lengerich.de\/?page_id=685"},"modified":"2019-02-24T09:19:14","modified_gmt":"2019-02-24T09:19:14","slug":"wieso-ist-es-eine-ganzkoerperinhalation","status":"publish","type":"page","link":"https:\/\/tierheilpraxis-lengerich.de\/?page_id=685","title":{"rendered":"Wieso ist es eine Ganzk\u00f6rperinhalation?"},"content":{"rendered":"\n<p>Die Haut ist nicht nur die \u00e4u\u00dfere Schale des K\u00f6rpers, sondern sie ist auch ein Atmungs- und Ausscheidungsorgan. Schwei\u00df, Sekrete, Abfallprodukte des Stoffwechsels wie z.&nbsp;B. das Kohlendioxid werden \u00fcber sie ausgeschieden. Aber viele Stoffe wie Medikamente (Salben, Nikotin-Pflaster), Mineralien und Sauerstoff k\u00f6nnen auch \u00fcber die Haut aufgenommen werden.<\/p>\n\n\n\n<p>In der mobilen Inhalationskammer umschwadet der Solenebel nicht nur die &#8222;Nase&#8220; der Tiere, sondern die Tiere stehen komplett in einer salzpartikelgetr\u00e4nkten Wolke. Somit hat die Haut direkten Kontakt zu der <a href=\"https:\/\/tierheilpraxis-lengerich.de\/?page_id=637\">Sole<\/a>.<\/p>\n\n\n\n<p style=\"text-align:right\"> zur\u00fcck zu: <a href=\"https:\/\/tierheilpraxis-lengerich.de\/?page_id=245\"><em>Weiteres zur Sole-Ionen-Sauerstoff-Inhalationskammer<\/em><\/a><\/p>\n","protected":false},"excerpt":{"rendered":"<p>Die Haut ist nicht nur die \u00e4u\u00dfere Schale des K\u00f6rpers, sondern sie ist auch ein Atmungs- und Ausscheidungsorgan. Schwei\u00df, Sekrete, Abfallprodukte des Stoffwechsels wie z.&nbsp;B. das Kohlendioxid werden \u00fcber sie ausgeschieden. Aber viele Stoffe wie Medikamente (Salben, Nikotin-Pflaster), Mineralien und Sauerstoff k\u00f6nnen auch \u00fcber die Haut aufgenommen werden. In der mobilen Inhalationskammer umschwadet der Solenebel &hellip; <a href=\"https:\/\/tierheilpraxis-lengerich.de\/?page_id=685\" class=\"more-link\"><span class=\"screen-reader-text\">Wieso ist es eine Ganzk\u00f6rperinhalation?<\/span> weiterlesen<\/a><\/p>\n","protected":false},"author":1,"featured_media":0,"parent":0,"menu_order":0,"comment_status":"closed","ping_status":"closed","template":"","meta":{"footnotes":""},"class_list":["post-685","page","type-page","status-publish","hentry"],"_links":{"self":[{"href":"https:\/\/tierheilpraxis-lengerich.de\/index.php?rest_route=\/wp\/v2\/pages\/685","targetHints":{"allow":["GET"]}}],"collection":[{"href":"https:\/\/tierheilpraxis-lengerich.de\/index.php?rest_route=\/wp\/v2\/pages"}],"about":[{"href":"https:\/\/tierheilpraxis-lengerich.de\/index.php?rest_route=\/wp\/v2\/types\/page"}],"author":[{"embeddable":true,"href":"https:\/\/tierheilpraxis-lengerich.de\/index.php?rest_route=\/wp\/v2\/users\/1"}],"replies":[{"embeddable":true,"href":"https:\/\/tierheilpraxis-lengerich.de\/index.php?rest_route=%2Fwp%2Fv2%2Fcomments&post=685"}],"version-history":[{"count":5,"href":"https:\/\/tierheilpraxis-lengerich.de\/index.php?rest_route=\/wp\/v2\/pages\/685\/revisions"}],"predecessor-version":[{"id":843,"href":"https:\/\/tierheilpraxis-lengerich.de\/index.php?rest_route=\/wp\/v2\/pages\/685\/revisions\/843"}],"wp:attachment":[{"href":"https:\/\/tierheilpraxis-lengerich.de\/index.php?rest_route=%2Fwp%2Fv2%2Fmedia&parent=685"}],"curies":[{"name":"wp","href":"https:\/\/api.w.org\/{rel}","templated":true}]}}