{"id":640,"date":"2019-02-14T19:47:27","date_gmt":"2019-02-14T19:47:27","guid":{"rendered":"https:\/\/tierheilpraxis-lengerich.de\/?page_id=640"},"modified":"2021-02-19T09:23:01","modified_gmt":"2021-02-19T09:23:01","slug":"negativgeladene-ionen","status":"publish","type":"page","link":"https:\/\/tierheilpraxis-lengerich.de\/?page_id=640","title":{"rendered":"Negativgeladene Ionen"},"content":{"rendered":"<p><!--StartFragment--><\/p>\n\n\n<p>Mein Sauerstoffionisationsger\u00e4t der Firma Oxygen Concept produziert eine genau dosierte Zusammensetzung von negativen Sauerstoff-Ionen pro Ma\u00dfeinheit. Und zwar ca. 20 Mio Minus-Ionen pro Kubikzentimeter Luft pro Sekunde. Diese kann der tierische Patient \u00fcber die Nase inhalieren.<\/p>\n\n\n\n<p>Negativgeladene Sauerstoff-Ionen (O <sup>2-<\/sup> oder 0 <sub>2<\/sub><sup>&#8211;<\/sup>) sind etwas Anderes als das atemwegsreizende <a href=\"https:\/\/tierheilpraxis-lengerich.de\/?page_id=677\">OZON (O<\/a><sub><a href=\"https:\/\/tierheilpraxis-lengerich.de\/?page_id=677\">3<\/a><\/sub>) [www.chemie.de\/lexikon\/Sauerstoff.html]<\/p>\n\n\n\n<p>Die <strong>Negativgeladenen Ionen<\/strong> binden nicht nur die meist positivgeladenen Staubpartikel, die dann zu Boden fallen, sondern <strong>beleben die Flimmerh\u00e4rchen in den Atemwegen<\/strong>, wenn sie durch die Nase eingeatmet werden.<strong> Hierdurch schlagen diese H\u00e4rchen nicht nur 900x\/min, sondern 1200x\/min<\/strong>. So kann der nun fl\u00fcssigere <strong>Schleim, wie beim Stagediving, schneller von der Lunge zum Kehlkopf abtransportiert und abgehustet werden. <\/strong><\/p>\n\n\n\n<p>Die wertvollen\nEigenschaften der negativ-geladener Ionen des Luft-Sauerstoffs sind: <\/p>\n\n\n\n<ul class=\"wp-block-list\"><li>Sie verbinden sich mit freischwebende, sch\u00e4dliche Keime aus der Luft und lassen diese ausfallen <\/li><li>\u201eForschungen haben ergeben, dass ein gesunder K\u00f6rper eine Menge von 4.000 bis 6.000 Minus-Ionen pro Kubikzentimeter Luft ben\u00f6tigt, um die unabl\u00e4ssige F\u00e4higkeit f\u00fcr eine regelm\u00e4\u00dfige Regeneration zu besitzen!\u201c [https:\/\/www.qioniq.eu\/wissenswertes\/technische-information\/]<\/li><li>\u201eerh\u00f6hen die Sauerstoffaufnahme des Blutes&#8220;<\/li><li>wirken positiv auf das zentrale Nervensystem<\/li><li>regulieren den Blutdruck<\/li><li>steigern die Abwehrkraft und Widerstandsf\u00e4higkeit des Organismus gegen Infektionskrankheiten [http:\/\/www.hno-otto.de\/sauerst.htm]<\/li><li>beleben jede K\u00f6rperzelle, wodurch sie ihre Arbeit besser verrichten k\u00f6nnen (Verbesserung des Stoffwechsels)<\/li><\/ul>\n\n\n\n<p><strong>Hierdurch wird in der\nHumanmedizin die Inhalation der negativgeladenen Sauerstoff-Ionen \u201e<\/strong>unterst\u00fctzenden bei der\nTherapie, bzw. zur Vorbeugung folgender Erkrankungszust\u00e4nden eingesetzt:<\/p>\n\n\n\n<ul class=\"wp-block-list\"><li>Zerebrale und periphere Durchblutungsst\u00f6rungen<\/li><li>Allgemeine Leistungssteigerung, st\u00e4ndige M\u00fcdigkeit,\nKonzentrationsschw\u00e4che, Kreislaufst\u00f6rungen, \u00dcberforderungssyndrom<\/li><li>Leistungssteigerung in der Sportmedizin<\/li><li>Vor-&nbsp;und Nachsorge bei Herzinfarkt und Schlaganfall<\/li><li>H\u00f6rsturz, Tinnitus, Vertigo, Migr\u00e4ne<\/li><li>Vor und nach operativen Eingriffen<\/li><li>Folgesch\u00e4den durch Diabetes mellitus<\/li><li>Erg\u00e4nzungstherapie bei Krebserkrankungen<\/li><li>Beschleunigung der Wundheilung, z.B. bei offenen Beinen<\/li><li>Alterslunge und chronische Bronchitis\u201c [https:\/\/www.drthmueller.de\/leistungen\/naturheilverfahren\/ionisierter-sauerstoff\/]<\/li><\/ul>\n\n\n\n<p style=\"text-align:right\"> zur\u00fcck zu: <a href=\"https:\/\/tierheilpraxis-lengerich.de\/?page_id=245\"><em>Weiteres zur Sole-Ionen-Sauerstoff-Inhalationskammer<\/em><\/a><\/p>\n\n\n<p><!--EndFragment--><\/p>\n<p><\/p>","protected":false},"excerpt":{"rendered":"<p>Mein Sauerstoffionisationsger\u00e4t der Firma Oxygen Concept produziert eine genau dosierte Zusammensetzung von negativen Sauerstoff-Ionen pro Ma\u00dfeinheit. Und zwar ca. 20 Mio Minus-Ionen pro Kubikzentimeter Luft pro Sekunde. Diese kann der tierische Patient \u00fcber die Nase inhalieren. Negativgeladene Sauerstoff-Ionen (O 2- oder 0 2&#8211;) sind etwas Anderes als das atemwegsreizende OZON (O3) [www.chemie.de\/lexikon\/Sauerstoff.html] Die Negativgeladenen Ionen &hellip; <a href=\"https:\/\/tierheilpraxis-lengerich.de\/?page_id=640\" class=\"more-link\"><span class=\"screen-reader-text\">Negativgeladene Ionen<\/span> weiterlesen<\/a><\/p>\n","protected":false},"author":1,"featured_media":0,"parent":0,"menu_order":0,"comment_status":"closed","ping_status":"closed","template":"","meta":{"footnotes":""},"class_list":["post-640","page","type-page","status-publish","hentry"],"_links":{"self":[{"href":"https:\/\/tierheilpraxis-lengerich.de\/index.php?rest_route=\/wp\/v2\/pages\/640","targetHints":{"allow":["GET"]}}],"collection":[{"href":"https:\/\/tierheilpraxis-lengerich.de\/index.php?rest_route=\/wp\/v2\/pages"}],"about":[{"href":"https:\/\/tierheilpraxis-lengerich.de\/index.php?rest_route=\/wp\/v2\/types\/page"}],"author":[{"embeddable":true,"href":"https:\/\/tierheilpraxis-lengerich.de\/index.php?rest_route=\/wp\/v2\/users\/1"}],"replies":[{"embeddable":true,"href":"https:\/\/tierheilpraxis-lengerich.de\/index.php?rest_route=%2Fwp%2Fv2%2Fcomments&post=640"}],"version-history":[{"count":7,"href":"https:\/\/tierheilpraxis-lengerich.de\/index.php?rest_route=\/wp\/v2\/pages\/640\/revisions"}],"predecessor-version":[{"id":1179,"href":"https:\/\/tierheilpraxis-lengerich.de\/index.php?rest_route=\/wp\/v2\/pages\/640\/revisions\/1179"}],"wp:attachment":[{"href":"https:\/\/tierheilpraxis-lengerich.de\/index.php?rest_route=%2Fwp%2Fv2%2Fmedia&parent=640"}],"curies":[{"name":"wp","href":"https:\/\/api.w.org\/{rel}","templated":true}]}}