{"id":637,"date":"2019-02-14T20:23:04","date_gmt":"2019-02-14T20:23:04","guid":{"rendered":"https:\/\/tierheilpraxis-lengerich.de\/?page_id=637"},"modified":"2019-02-24T09:20:23","modified_gmt":"2019-02-24T09:20:23","slug":"was-bewirkt-sole","status":"publish","type":"page","link":"https:\/\/tierheilpraxis-lengerich.de\/?page_id=637","title":{"rendered":"Was bewirkt Sole?"},"content":{"rendered":"\n<p> Salz -auch in gel\u00f6ster Form-  wirkt antibakteriell, desinfizierend,  lindernd, abschwellend und entz\u00fcndungshemmend.  Zus\u00e4tzlich besitzt es  eine reinigende und durchblutungsf\u00f6rdernde Wirkung auf Haut und  Schleimh\u00e4ute. Hierdurch f\u00f6rdert der Solenebel die Verfl\u00fcssigung von  festem Sekret in dem Atemtrakt, dieses fl\u00fcssigere Sekret kann leichter  abgehustet werden. Aber auch viele Substanzen die die Haut verstopfen  und somit zu Hautirretationen f\u00fchren, werden ausgeschwemmt. Somit wird   die Haut gereinigt sodass eine Regeneration  der Haut bzw. Schleimhaut  m\u00f6glich ist. <\/p>\n\n\n\n<p>\nDie <strong>Solepartikel meiner Sole-Ionen-Sauerstoff-Inhalierkammer sind extrem klein, sodass sie wirklich bis in die Lungenbl\u00e4schen <\/strong>eingeatmet\n werden k\u00f6nnen. So kann der Schleim in der Lunge effektiv gel\u00f6st und \nverfl\u00fcssigt werden. Dieses verfl\u00fcssigte Sekret kann einfacher vom Tier \nabgehustet werden. Die Mineralstoffe k\u00f6nnen so auch \u00fcber die zarte \nLungenschleimhaut aufgenommen werden.\n\n<\/p>\n\n\n\n<p style=\"text-align:right\"> zur\u00fcck zu: <a href=\"https:\/\/tierheilpraxis-lengerich.de\/?page_id=245\"><em>Weiteres zur Sole-Ionen-Sauerstoff-Inhalationskammer<\/em><\/a><\/p>\n","protected":false},"excerpt":{"rendered":"<p>Salz -auch in gel\u00f6ster Form- wirkt antibakteriell, desinfizierend, lindernd, abschwellend und entz\u00fcndungshemmend. Zus\u00e4tzlich besitzt es eine reinigende und durchblutungsf\u00f6rdernde Wirkung auf Haut und Schleimh\u00e4ute. Hierdurch f\u00f6rdert der Solenebel die Verfl\u00fcssigung von festem Sekret in dem Atemtrakt, dieses fl\u00fcssigere Sekret kann leichter abgehustet werden. Aber auch viele Substanzen die die Haut verstopfen und somit zu Hautirretationen &hellip; <a href=\"https:\/\/tierheilpraxis-lengerich.de\/?page_id=637\" class=\"more-link\"><span class=\"screen-reader-text\">Was bewirkt Sole?<\/span> weiterlesen<\/a><\/p>\n","protected":false},"author":1,"featured_media":0,"parent":0,"menu_order":0,"comment_status":"closed","ping_status":"closed","template":"","meta":{"footnotes":""},"class_list":["post-637","page","type-page","status-publish","hentry"],"_links":{"self":[{"href":"https:\/\/tierheilpraxis-lengerich.de\/index.php?rest_route=\/wp\/v2\/pages\/637","targetHints":{"allow":["GET"]}}],"collection":[{"href":"https:\/\/tierheilpraxis-lengerich.de\/index.php?rest_route=\/wp\/v2\/pages"}],"about":[{"href":"https:\/\/tierheilpraxis-lengerich.de\/index.php?rest_route=\/wp\/v2\/types\/page"}],"author":[{"embeddable":true,"href":"https:\/\/tierheilpraxis-lengerich.de\/index.php?rest_route=\/wp\/v2\/users\/1"}],"replies":[{"embeddable":true,"href":"https:\/\/tierheilpraxis-lengerich.de\/index.php?rest_route=%2Fwp%2Fv2%2Fcomments&post=637"}],"version-history":[{"count":2,"href":"https:\/\/tierheilpraxis-lengerich.de\/index.php?rest_route=\/wp\/v2\/pages\/637\/revisions"}],"predecessor-version":[{"id":844,"href":"https:\/\/tierheilpraxis-lengerich.de\/index.php?rest_route=\/wp\/v2\/pages\/637\/revisions\/844"}],"wp:attachment":[{"href":"https:\/\/tierheilpraxis-lengerich.de\/index.php?rest_route=%2Fwp%2Fv2%2Fmedia&parent=637"}],"curies":[{"name":"wp","href":"https:\/\/api.w.org\/{rel}","templated":true}]}}