{"id":575,"date":"2019-01-06T16:35:50","date_gmt":"2019-01-06T16:35:50","guid":{"rendered":"https:\/\/tierheilpraxis-lengerich.de\/?page_id=575"},"modified":"2019-01-29T05:52:19","modified_gmt":"2019-01-29T05:52:19","slug":"datenschutzerklaerung","status":"publish","type":"page","link":"https:\/\/tierheilpraxis-lengerich.de\/?page_id=575","title":{"rendered":"Datenschutzerkl\u00e4rung"},"content":{"rendered":"\n<p>Wir, die Tierheilpraxis Lengerich, freuen uns \u00fcber Ihren Besuch auf unserer  Website. Datenschutz und Datensicherheit haben f\u00fcr unsere Nutzer eine  hohe Priorit\u00e4t. Der Schutz Ihrer pers\u00f6nlichen Daten ist uns ein  besonders wichtiges Anliegen. Diese Datenschutzerkl\u00e4rung erl\u00e4utert,  welche Informationen wir w\u00e4hrend Ihres Besuchs auf unserer Website  erfassen und wie diese genutzt werden.<\/p>\n\n\n\n<h2 class=\"wp-block-heading\">1. Datenschutz auf einen Blick<\/h2>\n\n\n\n<h3 class=\"wp-block-heading\">Allgemeine Hinweise<\/h3>\n\n\n\n<p>Die folgenden Hinweise geben einen einfachen \u00dcberblick dar\u00fcber, was \nmit Ihren personenbezogenen Daten passiert, wenn Sie unsere Website \nbesuchen. Personenbezogene Daten sind alle Daten, mit denen Sie \npers\u00f6nlich identifiziert werden k\u00f6nnen. Ausf\u00fchrliche Informationen zum \nThema Datenschutz entnehmen Sie unserer unter diesem Text aufgef\u00fchrten \nDatenschutzerkl\u00e4rung.<\/p>\n\n\n\n<h3 class=\"wp-block-heading\">Datenerfassung auf unserer Website<\/h3>\n\n\n\n<p><strong>Wer ist verantwortlich f\u00fcr die Datenerfassung auf dieser Website?<\/strong><\/p>\n\n\n\n<p>Die Datenverarbeitung auf dieser Website erfolgt durch den \nWebsitebetreiber. Dessen Kontaktdaten k\u00f6nnen Sie dem Impressum dieser \nWebsite entnehmen.<\/p>\n\n\n\n<p><strong>Wie erfassen wir Ihre Daten?<\/strong><\/p>\n\n\n\n<p>Ihre Daten werden zum einen dadurch erhoben, dass Sie uns diese \nmitteilen. Hierbei kann es sich z.B. um Daten handeln, die Sie in ein \nKontaktformular eingeben.<\/p>\n\n\n\n<p>Andere Daten werden automatisch beim Besuch der Website durch unsere \nIT-Systeme erfasst. Das sind vor allem technische Daten (z.B. \nInternetbrowser, Betriebssystem oder Uhrzeit des Seitenaufrufs). Die \nErfassung dieser Daten erfolgt automatisch, sobald Sie unsere Website \nbetreten.<\/p>\n\n\n\n<p><strong>Wof\u00fcr nutzen wir Ihre Daten?<\/strong><\/p>\n\n\n\n<p>Ein Teil der Daten wird erhoben, um eine fehlerfreie Bereitstellung \nder Website zu gew\u00e4hrleisten. Andere Daten k\u00f6nnen zur Analyse Ihres \nNutzerverhaltens verwendet werden.<\/p>\n\n\n\n<p><strong>Welche Rechte haben Sie bez\u00fcglich Ihrer Daten?<\/strong><\/p>\n\n\n\n<p>Sie haben jederzeit das Recht unentgeltlich Auskunft \u00fcber Herkunft, \nEmpf\u00e4nger und Zweck Ihrer gespeicherten personenbezogenen Daten zu \nerhalten. Sie haben au\u00dferdem ein Recht, die Berichtigung, Sperrung oder \nL\u00f6schung dieser Daten zu verlangen. Hierzu sowie zu weiteren Fragen zum \nThema Datenschutz k\u00f6nnen Sie sich jederzeit unter der im Impressum \nangegebenen Adresse an uns wenden. Des Weiteren steht Ihnen ein \nBeschwerderecht bei der zust\u00e4ndigen Aufsichtsbeh\u00f6rde zu.<\/p>\n\n\n\n<h2 class=\"wp-block-heading\">2. Allgemeine Hinweise und Pflichtinformationen<\/h2>\n\n\n\n<h3 class=\"wp-block-heading\">Datenschutz<\/h3>\n\n\n\n<p>Die Betreiber dieser Seiten nehmen den Schutz Ihrer pers\u00f6nlichen \nDaten sehr ernst. Wir behandeln Ihre personenbezogenen Daten vertraulich\n und entsprechend der gesetzlichen Datenschutzvorschriften sowie dieser \nDatenschutzerkl\u00e4rung.<\/p>\n\n\n\n<p>Wenn Sie diese Website benutzen, werden verschiedene personenbezogene\n Daten erhoben. Personenbezogene Daten sind Daten, mit denen Sie \npers\u00f6nlich identifiziert werden k\u00f6nnen. Die vorliegende \nDatenschutzerkl\u00e4rung erl\u00e4utert, welche Daten wir erheben und wof\u00fcr wir \nsie nutzen. Sie erl\u00e4utert auch, wie und zu welchem Zweck das geschieht.<\/p>\n\n\n\n<p>Wir weisen darauf hin, dass die Daten\u00fcbertragung im Internet (z.B. \nbei der Kommunikation per E-Mail) Sicherheitsl\u00fccken aufweisen kann. Ein \nl\u00fcckenloser Schutz der Daten vor dem Zugriff durch Dritte ist nicht \nm\u00f6glich.<\/p>\n\n\n\n<h3 class=\"wp-block-heading\">Hinweis zur verantwortlichen Stelle<\/h3>\n\n\n\n<p>Die verantwortliche Stelle f\u00fcr die Datenverarbeitung auf dieser Website ist:<\/p>\n\n\n\n<p style=\"text-align:center\">Annette Bluhm<br>Am Kleeberg 61<br>49525 Lengerich<\/p>\n\n\n\n<p style=\"text-align:center\">Telefon: 0049 170 65 14 104<br> E-Mail: info@tierheilpraxis-lengerich.de<\/p>\n\n\n\n<p>Verantwortliche Stelle ist die nat\u00fcrliche oder juristische Person, \ndie allein oder gemeinsam mit anderen \u00fcber die Zwecke und Mittel der \nVerarbeitung von personenbezogenen Daten (z.B. Namen, E-Mail-Adressen o.\n \u00c4.) entscheidet.<\/p>\n\n\n\n<h3 class=\"wp-block-heading\">Widerruf Ihrer Einwilligung zur Datenverarbeitung<\/h3>\n\n\n\n<p>Viele Datenverarbeitungsvorg\u00e4nge sind nur mit Ihrer ausdr\u00fccklichen \nEinwilligung m\u00f6glich. Sie k\u00f6nnen eine bereits erteilte Einwilligung \njederzeit widerrufen. Dazu reicht eine formlose Mitteilung per E-Mail an\n uns. Die Rechtm\u00e4\u00dfigkeit der bis zum Widerruf erfolgten \nDatenverarbeitung bleibt vom Widerruf unber\u00fchrt.<\/p>\n\n\n\n<h3 class=\"wp-block-heading\">Beschwerderecht bei der zust\u00e4ndigen Aufsichtsbeh\u00f6rde<\/h3>\n\n\n\n<p>Im Falle datenschutzrechtlicher Verst\u00f6\u00dfe steht dem Betroffenen ein \nBeschwerderecht bei der zust\u00e4ndigen Aufsichtsbeh\u00f6rde zu. Zust\u00e4ndige \nAufsichtsbeh\u00f6rde in datenschutzrechtlichen Fragen ist der \nLandesdatenschutzbeauftragte des Bundeslandes, in dem unser Unternehmen \nseinen Sitz hat. Eine Liste der Datenschutzbeauftragten sowie deren \nKontaktdaten k\u00f6nnen folgendem Link entnommen werden: <a href=\"https:\/\/www.bfdi.bund.de\/DE\/Infothek\/Anschriften_Links\/anschriften_links-node.html\">https:\/\/www.bfdi.bund.de\/DE\/Infothek\/Anschriften_Links\/anschriften_links-node.html<\/a>.<\/p>\n\n\n\n<h3 class=\"wp-block-heading\">Recht auf Daten\u00fcbertragbarkeit<\/h3>\n\n\n\n<p>Sie haben das Recht, Daten, die wir auf Grundlage Ihrer Einwilligung \noder in Erf\u00fcllung eines Vertrags automatisiert verarbeiten, an sich oder\n an einen Dritten in einem g\u00e4ngigen, maschinenlesbaren Format \naush\u00e4ndigen zu lassen. Sofern Sie die direkte \u00dcbertragung der Daten an \neinen anderen Verantwortlichen verlangen, erfolgt dies nur, soweit es \ntechnisch machbar ist.<\/p>\n\n\n\n<h3 class=\"wp-block-heading\">SSL- bzw. TLS-Verschl\u00fcsselung<\/h3>\n\n\n\n<p>Diese Seite nutzt aus Sicherheitsgr\u00fcnden und zum Schutz der \n\u00dcbertragung vertraulicher Inhalte, wie zum Beispiel Bestellungen oder \nAnfragen, die Sie an uns als Seitenbetreiber senden, eine SSL-bzw. \nTLS-Verschl\u00fcsselung. Eine verschl\u00fcsselte Verbindung erkennen Sie daran, \ndass die Adresszeile des Browsers von \u201chttp:\/\/\u201d auf \u201chttps:\/\/\u201d wechselt \nund an dem Schloss-Symbol in Ihrer Browserzeile.<\/p>\n\n\n\n<p>Wenn die SSL- bzw. TLS-Verschl\u00fcsselung aktiviert ist, k\u00f6nnen die \nDaten, die Sie an uns \u00fcbermitteln, nicht von Dritten mitgelesen werden.<\/p>\n\n\n\n<h3 class=\"wp-block-heading\">Auskunft, Sperrung, L\u00f6schung<\/h3>\n\n\n\n<p>Sie haben im Rahmen der geltenden gesetzlichen Bestimmungen jederzeit  das Recht auf unentgeltliche Auskunft \u00fcber Ihre gespeicherten  personenbezogenen Daten, deren Herkunft und Empf\u00e4nger und den Zweck der  Datenverarbeitung und ggf. ein Recht auf Berichtigung, Sperrung oder  L\u00f6schung dieser Daten. Hierzu sowie zu weiteren Fragen zum Thema  personenbezogene Daten k\u00f6nnen Sie sich jederzeit unter der im Impressum  angegebenen Adresse an uns wenden.<\/p>\n\n\n\n<p><strong>Widerspruch gegen Werbe-Mails<br><\/strong>Der\n  Nutzung von im Rahmen der Impressumspflicht ver\u00f6ffentlichten  \nKontaktdaten zur \u00dcbersendung von nicht ausdr\u00fccklich angeforderter  \nWerbung und Informationsmaterialien wird hiermit widersprochen. Die  \nBetreiber der Seiten behalten sich ausdr\u00fccklich rechtliche Schritte im  \nFalle der unverlangten Zusendung von Werbeinformationen, etwa durch  \nSpam-E-Mails, vor.\n\n<\/p>\n\n\n\n<h2 class=\"wp-block-heading\">3. Datenerfassung auf unserer Website<\/h2>\n\n\n\n<h3 class=\"wp-block-heading\">Server-Log-Dateien<\/h3>\n\n\n\n<p>Der Provider der Seiten erhebt und speichert automatisch \nInformationen in so genannten Server-Log-Dateien, die Ihr Browser \nautomatisch an uns \u00fcbermittelt. Dies sind:<\/p>\n\n\n\n<ul class=\"wp-block-list\"><li>Browsertyp und Browserversion<\/li><li>verwendetes Betriebssystem<\/li><li>Referrer URL<\/li><li>Hostname des zugreifenden Rechners<\/li><li>Uhrzeit der Serveranfrage<\/li><li>IP-Adresse<\/li><\/ul>\n\n\n\n<p>Eine Zusammenf\u00fchrung dieser Daten mit anderen Datenquellen wird nicht vorgenommen.<\/p>\n\n\n\n<p>Grundlage f\u00fcr die Datenverarbeitung ist Art. 6 Abs. 1 lit. f DSGVO,  der die Verarbeitung von Daten zur Erf\u00fcllung eines Vertrags oder  vorvertraglicher Ma\u00dfnahmen gestattet<\/p>\n","protected":false},"excerpt":{"rendered":"<p>Wir, die Tierheilpraxis Lengerich, freuen uns \u00fcber Ihren Besuch auf unserer Website. Datenschutz und Datensicherheit haben f\u00fcr unsere Nutzer eine hohe Priorit\u00e4t. Der Schutz Ihrer pers\u00f6nlichen Daten ist uns ein besonders wichtiges Anliegen. Diese Datenschutzerkl\u00e4rung erl\u00e4utert, welche Informationen wir w\u00e4hrend Ihres Besuchs auf unserer Website erfassen und wie diese genutzt werden. 1. Datenschutz auf einen &hellip; <a href=\"https:\/\/tierheilpraxis-lengerich.de\/?page_id=575\" class=\"more-link\"><span class=\"screen-reader-text\">Datenschutzerkl\u00e4rung<\/span> weiterlesen<\/a><\/p>\n","protected":false},"author":1,"featured_media":0,"parent":0,"menu_order":0,"comment_status":"closed","ping_status":"closed","template":"","meta":{"footnotes":""},"class_list":["post-575","page","type-page","status-publish","hentry"],"_links":{"self":[{"href":"https:\/\/tierheilpraxis-lengerich.de\/index.php?rest_route=\/wp\/v2\/pages\/575","targetHints":{"allow":["GET"]}}],"collection":[{"href":"https:\/\/tierheilpraxis-lengerich.de\/index.php?rest_route=\/wp\/v2\/pages"}],"about":[{"href":"https:\/\/tierheilpraxis-lengerich.de\/index.php?rest_route=\/wp\/v2\/types\/page"}],"author":[{"embeddable":true,"href":"https:\/\/tierheilpraxis-lengerich.de\/index.php?rest_route=\/wp\/v2\/users\/1"}],"replies":[{"embeddable":true,"href":"https:\/\/tierheilpraxis-lengerich.de\/index.php?rest_route=%2Fwp%2Fv2%2Fcomments&post=575"}],"version-history":[{"count":5,"href":"https:\/\/tierheilpraxis-lengerich.de\/index.php?rest_route=\/wp\/v2\/pages\/575\/revisions"}],"predecessor-version":[{"id":606,"href":"https:\/\/tierheilpraxis-lengerich.de\/index.php?rest_route=\/wp\/v2\/pages\/575\/revisions\/606"}],"wp:attachment":[{"href":"https:\/\/tierheilpraxis-lengerich.de\/index.php?rest_route=%2Fwp%2Fv2%2Fmedia&parent=575"}],"curies":[{"name":"wp","href":"https:\/\/api.w.org\/{rel}","templated":true}]}}