{"id":373,"date":"2019-01-03T22:02:57","date_gmt":"2019-01-03T22:02:57","guid":{"rendered":"https:\/\/tierheilpraxis-lengerich.de\/?page_id=373"},"modified":"2019-03-01T04:17:54","modified_gmt":"2019-03-01T04:17:54","slug":"die-erstreaktion","status":"publish","type":"page","link":"https:\/\/tierheilpraxis-lengerich.de\/?page_id=373","title":{"rendered":"Was ist eine Erstreaktion?"},"content":{"rendered":"\n<p>Die sogenannte Erstreaktion ist bei vielen alternativ-medizinischen Therapieformen m\u00f6glich: <\/p>\n\n\n\n<p>Auf eine Alternativtherapie kann der K\u00f6rper mit <strong>einer \u00fcberschie\u00dfenden Reaktion reagieren. Hierdurch k\u00f6nnen die Symptome zu Anfang sogar pl\u00f6tzlich heftiger werden<\/strong>. Dieses ist aber durchaus positiv zu bewerten, <strong>da nun der K\u00f6rper wieder aus seiner \u201eEnergiestarre\u201c erwacht ist und sich nun mit seiner Krankheit auseinandersetzt.<\/strong><\/p>\n\n\n\n<p style=\"text-align:right\">Zur\u00fcck:                <a href=\"https:\/\/tierheilpraxis-lengerich.de\/\">Startseite<\/a><\/p>\n","protected":false},"excerpt":{"rendered":"<p>Die sogenannte Erstreaktion ist bei vielen alternativ-medizinischen Therapieformen m\u00f6glich: Auf eine Alternativtherapie kann der K\u00f6rper mit einer \u00fcberschie\u00dfenden Reaktion reagieren. Hierdurch k\u00f6nnen die Symptome zu Anfang sogar pl\u00f6tzlich heftiger werden. Dieses ist aber durchaus positiv zu bewerten, da nun der K\u00f6rper wieder aus seiner \u201eEnergiestarre\u201c erwacht ist und sich nun mit seiner Krankheit auseinandersetzt. Zur\u00fcck: &hellip; <a href=\"https:\/\/tierheilpraxis-lengerich.de\/?page_id=373\" class=\"more-link\"><span class=\"screen-reader-text\">Was ist eine Erstreaktion?<\/span> weiterlesen<\/a><\/p>\n","protected":false},"author":1,"featured_media":0,"parent":0,"menu_order":0,"comment_status":"closed","ping_status":"closed","template":"","meta":{"footnotes":""},"class_list":["post-373","page","type-page","status-publish","hentry"],"_links":{"self":[{"href":"https:\/\/tierheilpraxis-lengerich.de\/index.php?rest_route=\/wp\/v2\/pages\/373","targetHints":{"allow":["GET"]}}],"collection":[{"href":"https:\/\/tierheilpraxis-lengerich.de\/index.php?rest_route=\/wp\/v2\/pages"}],"about":[{"href":"https:\/\/tierheilpraxis-lengerich.de\/index.php?rest_route=\/wp\/v2\/types\/page"}],"author":[{"embeddable":true,"href":"https:\/\/tierheilpraxis-lengerich.de\/index.php?rest_route=\/wp\/v2\/users\/1"}],"replies":[{"embeddable":true,"href":"https:\/\/tierheilpraxis-lengerich.de\/index.php?rest_route=%2Fwp%2Fv2%2Fcomments&post=373"}],"version-history":[{"count":9,"href":"https:\/\/tierheilpraxis-lengerich.de\/index.php?rest_route=\/wp\/v2\/pages\/373\/revisions"}],"predecessor-version":[{"id":1111,"href":"https:\/\/tierheilpraxis-lengerich.de\/index.php?rest_route=\/wp\/v2\/pages\/373\/revisions\/1111"}],"wp:attachment":[{"href":"https:\/\/tierheilpraxis-lengerich.de\/index.php?rest_route=%2Fwp%2Fv2%2Fmedia&parent=373"}],"curies":[{"name":"wp","href":"https:\/\/api.w.org\/{rel}","templated":true}]}}