{"id":349,"date":"2019-01-03T20:54:18","date_gmt":"2019-01-03T20:54:18","guid":{"rendered":"https:\/\/tierheilpraxis-lengerich.de\/?page_id=349"},"modified":"2019-03-01T08:52:55","modified_gmt":"2019-03-01T08:52:55","slug":"angebotene-therapieformen","status":"publish","type":"page","link":"https:\/\/tierheilpraxis-lengerich.de\/?page_id=349","title":{"rendered":"8. Haltungs- und Trainingsmentoring"},"content":{"rendered":"\n<p>Viele Tiere leiden auch an <strong>Wohlstandskrankheiten<\/strong> (Diabetes, Rehe, EMS etc. oder sind \u201eeinfach zu fett\u201c). <strong>Hier ist nicht nur eine spezielle und individuelle F\u00fctterung n\u00f6tig, sondern auch ein konsequentes Trainingsprogramm, welches nicht \u00fcber- noch unterfordert.<\/strong> <\/p>\n\n\n\n<p>Denn nur durch Futterentzug wird kein Tier <strong>gesund abnehmen<\/strong>. Denn wer Hunger empfindet, ist nicht gl\u00fccklich. Und wer nicht gl\u00fccklich ist, kann nicht Gesundwerden.<\/p>\n\n\n\n<p>Das unterst\u00fctzende Trainingsprogramm kann ich gerne individuell f\u00fcr Sie und ihr Tier erstellen. <\/p>\n\n\n\n<p style=\"text-align:right\"><em>(<\/em><a href=\"https:\/\/tierheilpraxis-lengerich.de\/?page_id=346\"><em>weiterlesen<\/em><\/a><em>)<\/em><\/p>\n","protected":false},"excerpt":{"rendered":"<p>Viele Tiere leiden auch an Wohlstandskrankheiten (Diabetes, Rehe, EMS etc. oder sind \u201eeinfach zu fett\u201c). Hier ist nicht nur eine spezielle und individuelle F\u00fctterung n\u00f6tig, sondern auch ein konsequentes Trainingsprogramm, welches nicht \u00fcber- noch unterfordert. Denn nur durch Futterentzug wird kein Tier gesund abnehmen. Denn wer Hunger empfindet, ist nicht gl\u00fccklich. Und wer nicht gl\u00fccklich &hellip; <a href=\"https:\/\/tierheilpraxis-lengerich.de\/?page_id=349\" class=\"more-link\"><span class=\"screen-reader-text\">8. Haltungs- und Trainingsmentoring<\/span> weiterlesen<\/a><\/p>\n","protected":false},"author":1,"featured_media":0,"parent":0,"menu_order":0,"comment_status":"closed","ping_status":"closed","template":"","meta":{"footnotes":""},"class_list":["post-349","page","type-page","status-publish","hentry"],"_links":{"self":[{"href":"https:\/\/tierheilpraxis-lengerich.de\/index.php?rest_route=\/wp\/v2\/pages\/349","targetHints":{"allow":["GET"]}}],"collection":[{"href":"https:\/\/tierheilpraxis-lengerich.de\/index.php?rest_route=\/wp\/v2\/pages"}],"about":[{"href":"https:\/\/tierheilpraxis-lengerich.de\/index.php?rest_route=\/wp\/v2\/types\/page"}],"author":[{"embeddable":true,"href":"https:\/\/tierheilpraxis-lengerich.de\/index.php?rest_route=\/wp\/v2\/users\/1"}],"replies":[{"embeddable":true,"href":"https:\/\/tierheilpraxis-lengerich.de\/index.php?rest_route=%2Fwp%2Fv2%2Fcomments&post=349"}],"version-history":[{"count":9,"href":"https:\/\/tierheilpraxis-lengerich.de\/index.php?rest_route=\/wp\/v2\/pages\/349\/revisions"}],"predecessor-version":[{"id":1145,"href":"https:\/\/tierheilpraxis-lengerich.de\/index.php?rest_route=\/wp\/v2\/pages\/349\/revisions\/1145"}],"wp:attachment":[{"href":"https:\/\/tierheilpraxis-lengerich.de\/index.php?rest_route=%2Fwp%2Fv2%2Fmedia&parent=349"}],"curies":[{"name":"wp","href":"https:\/\/api.w.org\/{rel}","templated":true}]}}