{"id":346,"date":"2019-01-03T20:50:21","date_gmt":"2019-01-03T20:50:21","guid":{"rendered":"https:\/\/tierheilpraxis-lengerich.de\/?page_id=346"},"modified":"2019-02-27T13:06:56","modified_gmt":"2019-02-27T13:06:56","slug":"pferdetrainer-nach-eschbach","status":"publish","type":"page","link":"https:\/\/tierheilpraxis-lengerich.de\/?page_id=346","title":{"rendered":"Trainings-Mentoring: Beratung  und Begleitung"},"content":{"rendered":"\n<p>Durch meine Ausbildungen als Reitwart der FN (in Vechta) und als Pferdetrainer nach Andrea und Markus Eschbach, kann ich Ihnen bei vielen Kommunikations-, Dominanz-  und Trainingsproblemen zu Seite stehen. <\/p>\n\n\n\n<p>M\u00f6gliche L\u00f6sungsvorschl\u00e4ge:<\/p>\n\n\n\n<ul class=\"wp-block-list\"><li>F\u00fchrtraining und Seilarbeit zum Verladetraining<\/li><li>Roundpenarbeit nach Markus Eschbach<\/li><li>Verladetraining<\/li><li>Muskelaufbautraining durch Equikinetics<\/li><li>Balance und K\u00f6rperkoordinationstraining: durch K\u00f6rperarbeit nach Linda Tellington  oder Dualaktivierung<\/li><li>Besondere Trainingseinheiten in der Genesungsphase unter Beachtung der Herz-Kreislauf-Parameter<\/li><\/ul>\n\n\n\n<p style=\"text-align:right\"> Zur\u00fcck:     <a href=\"https:\/\/tierheilpraxis-lengerich.de\/?page_id=281\"><em>Behandlungsspektrum<\/em><\/a><\/p>\n","protected":false},"excerpt":{"rendered":"<p>Durch meine Ausbildungen als Reitwart der FN (in Vechta) und als Pferdetrainer nach Andrea und Markus Eschbach, kann ich Ihnen bei vielen Kommunikations-, Dominanz- und Trainingsproblemen zu Seite stehen. M\u00f6gliche L\u00f6sungsvorschl\u00e4ge: F\u00fchrtraining und Seilarbeit zum Verladetraining Roundpenarbeit nach Markus Eschbach Verladetraining Muskelaufbautraining durch Equikinetics Balance und K\u00f6rperkoordinationstraining: durch K\u00f6rperarbeit nach Linda Tellington oder Dualaktivierung Besondere &hellip; <a href=\"https:\/\/tierheilpraxis-lengerich.de\/?page_id=346\" class=\"more-link\"><span class=\"screen-reader-text\">Trainings-Mentoring: Beratung  und Begleitung<\/span> weiterlesen<\/a><\/p>\n","protected":false},"author":1,"featured_media":0,"parent":0,"menu_order":0,"comment_status":"closed","ping_status":"closed","template":"","meta":{"footnotes":""},"class_list":["post-346","page","type-page","status-publish","hentry"],"_links":{"self":[{"href":"https:\/\/tierheilpraxis-lengerich.de\/index.php?rest_route=\/wp\/v2\/pages\/346","targetHints":{"allow":["GET"]}}],"collection":[{"href":"https:\/\/tierheilpraxis-lengerich.de\/index.php?rest_route=\/wp\/v2\/pages"}],"about":[{"href":"https:\/\/tierheilpraxis-lengerich.de\/index.php?rest_route=\/wp\/v2\/types\/page"}],"author":[{"embeddable":true,"href":"https:\/\/tierheilpraxis-lengerich.de\/index.php?rest_route=\/wp\/v2\/users\/1"}],"replies":[{"embeddable":true,"href":"https:\/\/tierheilpraxis-lengerich.de\/index.php?rest_route=%2Fwp%2Fv2%2Fcomments&post=346"}],"version-history":[{"count":7,"href":"https:\/\/tierheilpraxis-lengerich.de\/index.php?rest_route=\/wp\/v2\/pages\/346\/revisions"}],"predecessor-version":[{"id":1047,"href":"https:\/\/tierheilpraxis-lengerich.de\/index.php?rest_route=\/wp\/v2\/pages\/346\/revisions\/1047"}],"wp:attachment":[{"href":"https:\/\/tierheilpraxis-lengerich.de\/index.php?rest_route=%2Fwp%2Fv2%2Fmedia&parent=346"}],"curies":[{"name":"wp","href":"https:\/\/api.w.org\/{rel}","templated":true}]}}