{"id":292,"date":"2019-01-03T21:07:09","date_gmt":"2019-01-03T21:07:09","guid":{"rendered":"https:\/\/tierheilpraxis-lengerich.de\/?page_id=292"},"modified":"2019-03-01T04:41:46","modified_gmt":"2019-03-01T04:41:46","slug":"angebotene-therapieformen-7","status":"publish","type":"page","link":"https:\/\/tierheilpraxis-lengerich.de\/?page_id=292","title":{"rendered":"7. Ern\u00e4hrungsberatung"},"content":{"rendered":"\n<p>Seit Jahrtausenden wei\u00df man, dass eine <strong>gesunde und ausgewogene<\/strong> <strong>Ern\u00e4hrung<\/strong>  sehr wichtig f\u00fcr die Gesundheit und Leistungsbereitschaft ist. \u00dcber die  Nahrung sollen dem K\u00f6rper m\u00f6glichst alle lebenswichtigen N\u00e4hr- und  Baustoffe zugef\u00fchrt werden, wodurch er in der Lage ist zu  richtig zu funktionieren und sich bei Bedarf auch wieder zu heilen.  <\/p>\n\n\n\n<p>Als Ern\u00e4hrungsberaterin kann ich Ihnen helfen entsprechend des Gesundheits- und Trainingszustands ihres Tieres, das passende Futter zu finden. Durch Bedarfskalkulation ermittle ich die individuellen Rationsgr\u00f6\u00dfen. <\/p>\n\n\n\n<p style=\"text-align:right\">(<a href=\"https:\/\/tierheilpraxis-lengerich.de\/?page_id=250\">weiterlesen<\/a>)<\/p>\n","protected":false},"excerpt":{"rendered":"<p>Seit Jahrtausenden wei\u00df man, dass eine gesunde und ausgewogene Ern\u00e4hrung sehr wichtig f\u00fcr die Gesundheit und Leistungsbereitschaft ist. \u00dcber die Nahrung sollen dem K\u00f6rper m\u00f6glichst alle lebenswichtigen N\u00e4hr- und Baustoffe zugef\u00fchrt werden, wodurch er in der Lage ist zu richtig zu funktionieren und sich bei Bedarf auch wieder zu heilen. Als Ern\u00e4hrungsberaterin kann ich Ihnen &hellip; <a href=\"https:\/\/tierheilpraxis-lengerich.de\/?page_id=292\" class=\"more-link\"><span class=\"screen-reader-text\">7. Ern\u00e4hrungsberatung<\/span> weiterlesen<\/a><\/p>\n","protected":false},"author":1,"featured_media":0,"parent":0,"menu_order":0,"comment_status":"closed","ping_status":"closed","template":"","meta":{"footnotes":""},"class_list":["post-292","page","type-page","status-publish","hentry"],"_links":{"self":[{"href":"https:\/\/tierheilpraxis-lengerich.de\/index.php?rest_route=\/wp\/v2\/pages\/292","targetHints":{"allow":["GET"]}}],"collection":[{"href":"https:\/\/tierheilpraxis-lengerich.de\/index.php?rest_route=\/wp\/v2\/pages"}],"about":[{"href":"https:\/\/tierheilpraxis-lengerich.de\/index.php?rest_route=\/wp\/v2\/types\/page"}],"author":[{"embeddable":true,"href":"https:\/\/tierheilpraxis-lengerich.de\/index.php?rest_route=\/wp\/v2\/users\/1"}],"replies":[{"embeddable":true,"href":"https:\/\/tierheilpraxis-lengerich.de\/index.php?rest_route=%2Fwp%2Fv2%2Fcomments&post=292"}],"version-history":[{"count":7,"href":"https:\/\/tierheilpraxis-lengerich.de\/index.php?rest_route=\/wp\/v2\/pages\/292\/revisions"}],"predecessor-version":[{"id":1122,"href":"https:\/\/tierheilpraxis-lengerich.de\/index.php?rest_route=\/wp\/v2\/pages\/292\/revisions\/1122"}],"wp:attachment":[{"href":"https:\/\/tierheilpraxis-lengerich.de\/index.php?rest_route=%2Fwp%2Fv2%2Fmedia&parent=292"}],"curies":[{"name":"wp","href":"https:\/\/api.w.org\/{rel}","templated":true}]}}