{"id":290,"date":"2019-01-03T20:05:43","date_gmt":"2019-01-03T20:05:43","guid":{"rendered":"https:\/\/tierheilpraxis-lengerich.de\/?page_id=290"},"modified":"2019-03-01T03:42:01","modified_gmt":"2019-03-01T03:42:01","slug":"angebotene-therapieformen-6","status":"publish","type":"page","link":"https:\/\/tierheilpraxis-lengerich.de\/?page_id=290","title":{"rendered":"6.  Lifewave-patches = Lifewave-Pflaster"},"content":{"rendered":"\n<div class=\"wp-block-media-text alignwide\"><figure class=\"wp-block-media-text__media\"><img loading=\"lazy\" decoding=\"async\" width=\"1024\" height=\"374\" src=\"https:\/\/tierheilpraxis-lengerich.de\/wp-content\/uploads\/2019\/02\/LifeWaveLogo-1024x374.jpg\" alt=\"\" class=\"wp-image-1006\" srcset=\"https:\/\/tierheilpraxis-lengerich.de\/wp-content\/uploads\/2019\/02\/LifeWaveLogo-1024x374.jpg 1024w, https:\/\/tierheilpraxis-lengerich.de\/wp-content\/uploads\/2019\/02\/LifeWaveLogo-300x110.jpg 300w, https:\/\/tierheilpraxis-lengerich.de\/wp-content\/uploads\/2019\/02\/LifeWaveLogo-768x281.jpg 768w, https:\/\/tierheilpraxis-lengerich.de\/wp-content\/uploads\/2019\/02\/LifeWaveLogo.jpg 1667w\" sizes=\"auto, (max-width: 1024px) 100vw, 1024px\" \/><\/figure><div class=\"wp-block-media-text__content\">\n<p style=\"font-size:28px\">f\u00fcr Mensch und Tier<\/p>\n<\/div><\/div>\n\n\n\n<div class=\"wp-block-image\"><figure class=\"aligncenter is-resized\"><img loading=\"lazy\" decoding=\"async\" src=\"https:\/\/tierheilpraxis-lengerich.de\/wp-content\/uploads\/2019\/01\/IMG_20190102_162216-FILEminimizer.jpg\" alt=\"\" class=\"wp-image-338\" width=\"340\" height=\"459\" srcset=\"https:\/\/tierheilpraxis-lengerich.de\/wp-content\/uploads\/2019\/01\/IMG_20190102_162216-FILEminimizer.jpg 640w, https:\/\/tierheilpraxis-lengerich.de\/wp-content\/uploads\/2019\/01\/IMG_20190102_162216-FILEminimizer-222x300.jpg 222w\" sizes=\"auto, (max-width: 340px) 100vw, 340px\" \/><figcaption>Durch die Klebung zweier Pflaster fand  dieser alte Herr trotz Silvesterstress wieder Mu\u00dfe zu fressen.<\/figcaption><\/figure><\/div>\n\n\n<p>Seit dem letzten Jahrhundert wei\u00df man, dass die K\u00f6rperzellen \u00fcber kleinste Mengen elektromagnetischer Wellen (Photonen) in Lichtgeschwindigkeit miteinander komunizieren und sich so gegenseitig zu genau definierten &#8222;Aufgaben&#8220; anregen.<\/p>\n<p>Die patentierten Patches (Pflaster) der <a href=\"https:\/\/lifewave.com\/992553\" target=\"_blank\" rel=\"noopener noreferrer\"><em>Firma Lifewave<\/em><\/a> nutzen diese Kommunikationsform der K\u00f6rperzellen, um sie an ihre normalen Aufgaben zu erinnern. Hierdurch werden im Organismus eingeschlafene oder \u00fcberh\u00f6hte Stoffwechselvorg\u00e4nge auf ihr physiologisches Ma\u00df reguliert.<\/p>\n<p style=\"text-align: left;\">Die Patches nutzen dabei den k\u00f6rpereigenen Energiefluss und die F\u00e4higkeit sich selbst zu heilen, um das Wohlbefinden zu verbessern.<\/p>\n<p style=\"text-align: right;\">(<a href=\"https:\/\/tierheilpraxis-lengerich.de\/?page_id=241\"><em>weiterlesen<\/em><\/a>)<\/p>\n\n\n<p class=\"has-text-color has-bright-blue-color\">Haben Sie Interesse? Dann kann ich Ihnen als Lifewave-Beraterin (ID-Nr. 99 25 53) gerne beratend zur Seite stehen. <\/p>\n","protected":false},"excerpt":{"rendered":"<p>f\u00fcr Mensch und Tier Seit dem letzten Jahrhundert wei\u00df man, dass die K\u00f6rperzellen \u00fcber kleinste Mengen elektromagnetischer Wellen (Photonen) in Lichtgeschwindigkeit miteinander komunizieren und sich so gegenseitig zu genau definierten &#8222;Aufgaben&#8220; anregen. Die patentierten Patches (Pflaster) der Firma Lifewave nutzen diese Kommunikationsform der K\u00f6rperzellen, um sie an ihre normalen Aufgaben zu erinnern. Hierdurch werden im &hellip; <a href=\"https:\/\/tierheilpraxis-lengerich.de\/?page_id=290\" class=\"more-link\"><span class=\"screen-reader-text\">6.  Lifewave-patches = Lifewave-Pflaster<\/span> weiterlesen<\/a><\/p>\n","protected":false},"author":1,"featured_media":0,"parent":0,"menu_order":0,"comment_status":"closed","ping_status":"closed","template":"","meta":{"footnotes":""},"class_list":["post-290","page","type-page","status-publish","hentry"],"_links":{"self":[{"href":"https:\/\/tierheilpraxis-lengerich.de\/index.php?rest_route=\/wp\/v2\/pages\/290","targetHints":{"allow":["GET"]}}],"collection":[{"href":"https:\/\/tierheilpraxis-lengerich.de\/index.php?rest_route=\/wp\/v2\/pages"}],"about":[{"href":"https:\/\/tierheilpraxis-lengerich.de\/index.php?rest_route=\/wp\/v2\/types\/page"}],"author":[{"embeddable":true,"href":"https:\/\/tierheilpraxis-lengerich.de\/index.php?rest_route=\/wp\/v2\/users\/1"}],"replies":[{"embeddable":true,"href":"https:\/\/tierheilpraxis-lengerich.de\/index.php?rest_route=%2Fwp%2Fv2%2Fcomments&post=290"}],"version-history":[{"count":19,"href":"https:\/\/tierheilpraxis-lengerich.de\/index.php?rest_route=\/wp\/v2\/pages\/290\/revisions"}],"predecessor-version":[{"id":1101,"href":"https:\/\/tierheilpraxis-lengerich.de\/index.php?rest_route=\/wp\/v2\/pages\/290\/revisions\/1101"}],"wp:attachment":[{"href":"https:\/\/tierheilpraxis-lengerich.de\/index.php?rest_route=%2Fwp%2Fv2%2Fmedia&parent=290"}],"curies":[{"name":"wp","href":"https:\/\/api.w.org\/{rel}","templated":true}]}}