{"id":286,"date":"2019-01-03T19:40:16","date_gmt":"2019-01-03T19:40:16","guid":{"rendered":"https:\/\/tierheilpraxis-lengerich.de\/?page_id=286"},"modified":"2019-03-01T04:32:09","modified_gmt":"2019-03-01T04:32:09","slug":"angebotene-therapieformen-4","status":"publish","type":"page","link":"https:\/\/tierheilpraxis-lengerich.de\/?page_id=286","title":{"rendered":"4. Energiearbeit, Reiki"},"content":{"rendered":"\n<p>Reiki ist eine uralte Heilkunst. Sie wird in 2.500 Jahre alten Schriften erw\u00e4hnt und ist im 19. Jahrhundert von Dr. Mikao Usui, einem christlichen M\u00f6nch, wiederentdeckt worden. <\/p>\n\n\n\n<p>Als Reiki-Meisterin kann ich die \u201euniversale Lebensenergie\u201c unter anderem durch auflegen der H\u00e4nde weitergeben. Diese Energie kann die Selbstheilungskr\u00e4fte beim Patienten st\u00e4rken und medizinische Behandlungen unterst\u00fctzen, indem es den K\u00f6rper und Geist in Harmonie bringt. H\u00e4ufig <strong>l\u00f6sen sich dabei Stauungen des Energieflusses und die Tiere fangen an herzhaft zu g\u00e4hnen<\/strong>. (<a href=\"https:\/\/tierheilpraxis-lengerich.de\/?page_id=235\">weiterlesen<\/a>)<\/p>\n\n\n<p><!--StartFragment--><\/p>","protected":false},"excerpt":{"rendered":"<p>Reiki ist eine uralte Heilkunst. Sie wird in 2.500 Jahre alten Schriften erw\u00e4hnt und ist im 19. Jahrhundert von Dr. Mikao Usui, einem christlichen M\u00f6nch, wiederentdeckt worden. Als Reiki-Meisterin kann ich die \u201euniversale Lebensenergie\u201c unter anderem durch auflegen der H\u00e4nde weitergeben. Diese Energie kann die Selbstheilungskr\u00e4fte beim Patienten st\u00e4rken und medizinische Behandlungen unterst\u00fctzen, indem es &hellip; <a href=\"https:\/\/tierheilpraxis-lengerich.de\/?page_id=286\" class=\"more-link\"><span class=\"screen-reader-text\">4. Energiearbeit, Reiki<\/span> weiterlesen<\/a><\/p>\n","protected":false},"author":1,"featured_media":0,"parent":0,"menu_order":0,"comment_status":"closed","ping_status":"closed","template":"","meta":{"footnotes":""},"class_list":["post-286","page","type-page","status-publish","hentry"],"_links":{"self":[{"href":"https:\/\/tierheilpraxis-lengerich.de\/index.php?rest_route=\/wp\/v2\/pages\/286","targetHints":{"allow":["GET"]}}],"collection":[{"href":"https:\/\/tierheilpraxis-lengerich.de\/index.php?rest_route=\/wp\/v2\/pages"}],"about":[{"href":"https:\/\/tierheilpraxis-lengerich.de\/index.php?rest_route=\/wp\/v2\/types\/page"}],"author":[{"embeddable":true,"href":"https:\/\/tierheilpraxis-lengerich.de\/index.php?rest_route=\/wp\/v2\/users\/1"}],"replies":[{"embeddable":true,"href":"https:\/\/tierheilpraxis-lengerich.de\/index.php?rest_route=%2Fwp%2Fv2%2Fcomments&post=286"}],"version-history":[{"count":6,"href":"https:\/\/tierheilpraxis-lengerich.de\/index.php?rest_route=\/wp\/v2\/pages\/286\/revisions"}],"predecessor-version":[{"id":1117,"href":"https:\/\/tierheilpraxis-lengerich.de\/index.php?rest_route=\/wp\/v2\/pages\/286\/revisions\/1117"}],"wp:attachment":[{"href":"https:\/\/tierheilpraxis-lengerich.de\/index.php?rest_route=%2Fwp%2Fv2%2Fmedia&parent=286"}],"curies":[{"name":"wp","href":"https:\/\/api.w.org\/{rel}","templated":true}]}}