{"id":282,"date":"2019-01-03T19:29:30","date_gmt":"2019-01-03T19:29:30","guid":{"rendered":"https:\/\/tierheilpraxis-lengerich.de\/?page_id=282"},"modified":"2021-12-01T17:12:56","modified_gmt":"2021-12-01T17:12:56","slug":"angebotene-therapieformen-2","status":"publish","type":"page","link":"https:\/\/tierheilpraxis-lengerich.de\/?page_id=282","title":{"rendered":"2. tierartzugelassene  hom\u00f6opathische (Komplex-)Mittel"},"content":{"rendered":"\n<p>Die Hom\u00f6opathie entwickelt von Dr. Samuel Hahnemann (1796) hat ihren Ursprung in der Humanmedizin. Ihre fast weltweite Verbreitung im 19. Jahrhundert wurde erst durch die Entdeckung bzw. therapeutische Nutzung von Antibiotika stark geschm\u00e4lert. <strong> <\/strong><\/p>\n\n\n\n<p><strong>In der Tiermedizin <\/strong>wird die Hom\u00f6opathie<strong> auch schon seit Jahrzehnten <\/strong>eingesetzt<strong>. <\/strong>F\u00fcr <strong>chronisch Kranke oder bereits austherapierte Tiere <\/strong>besteht<strong> <\/strong>oftmals eine Chance auf Verbesserung.<\/p>\n\n\n\n<p>Im Endeffekt werden durch die hom\u00f6opathischen Pr\u00e4parate die Selbstheilungskr\u00e4fte des K\u00f6rpers angeregt und dadurch kann der K\u00f6rper und die Seele die Balance wiederfinden.<\/p>\n\n\n\n<p> <a href=\"https:\/\/tierheilpraxis-lengerich.de\/?page_id=219\">(weiterlesen)<\/a><\/p>\n\n\n<p><!--StartFragment--><\/p>","protected":false},"excerpt":{"rendered":"<p>Die Hom\u00f6opathie entwickelt von Dr. Samuel Hahnemann (1796) hat ihren Ursprung in der Humanmedizin. Ihre fast weltweite Verbreitung im 19. Jahrhundert wurde erst durch die Entdeckung bzw. therapeutische Nutzung von Antibiotika stark geschm\u00e4lert. In der Tiermedizin wird die Hom\u00f6opathie auch schon seit Jahrzehnten eingesetzt. F\u00fcr chronisch Kranke oder bereits austherapierte Tiere besteht oftmals eine Chance &hellip; <a href=\"https:\/\/tierheilpraxis-lengerich.de\/?page_id=282\" class=\"more-link\"><span class=\"screen-reader-text\">2. tierartzugelassene  hom\u00f6opathische (Komplex-)Mittel<\/span> weiterlesen<\/a><\/p>\n","protected":false},"author":1,"featured_media":0,"parent":0,"menu_order":0,"comment_status":"closed","ping_status":"closed","template":"","meta":{"footnotes":""},"class_list":["post-282","page","type-page","status-publish","hentry"],"_links":{"self":[{"href":"https:\/\/tierheilpraxis-lengerich.de\/index.php?rest_route=\/wp\/v2\/pages\/282","targetHints":{"allow":["GET"]}}],"collection":[{"href":"https:\/\/tierheilpraxis-lengerich.de\/index.php?rest_route=\/wp\/v2\/pages"}],"about":[{"href":"https:\/\/tierheilpraxis-lengerich.de\/index.php?rest_route=\/wp\/v2\/types\/page"}],"author":[{"embeddable":true,"href":"https:\/\/tierheilpraxis-lengerich.de\/index.php?rest_route=\/wp\/v2\/users\/1"}],"replies":[{"embeddable":true,"href":"https:\/\/tierheilpraxis-lengerich.de\/index.php?rest_route=%2Fwp%2Fv2%2Fcomments&post=282"}],"version-history":[{"count":6,"href":"https:\/\/tierheilpraxis-lengerich.de\/index.php?rest_route=\/wp\/v2\/pages\/282\/revisions"}],"predecessor-version":[{"id":1184,"href":"https:\/\/tierheilpraxis-lengerich.de\/index.php?rest_route=\/wp\/v2\/pages\/282\/revisions\/1184"}],"wp:attachment":[{"href":"https:\/\/tierheilpraxis-lengerich.de\/index.php?rest_route=%2Fwp%2Fv2%2Fmedia&parent=282"}],"curies":[{"name":"wp","href":"https:\/\/api.w.org\/{rel}","templated":true}]}}