{"id":281,"date":"2019-01-03T22:40:12","date_gmt":"2019-01-03T22:40:12","guid":{"rendered":"https:\/\/tierheilpraxis-lengerich.de\/?page_id=281"},"modified":"2021-12-01T17:14:22","modified_gmt":"2021-12-01T17:14:22","slug":"einblicke-in-meine-tierheilpraxis-therapievarianten","status":"publish","type":"page","link":"https:\/\/tierheilpraxis-lengerich.de\/?page_id=281","title":{"rendered":"Bandbreite der Behandlungsmethoden"},"content":{"rendered":"\n<ul class=\"wp-block-list\"><li><a href=\"https:\/\/tierheilpraxis-lengerich.de\/?page_id=294\">Akupunktur<\/a> \/ Akupressur \/ T-Touches<ul><li>Nadelakupunktur<\/li><li>Laserakupunktur<\/li><\/ul><\/li><li><a href=\"https:\/\/tierheilpraxis-lengerich.de\/?page_id=282\">tierartzugelassene hom\u00f6opathische (Komplex-)Mittel<\/a><\/li><li><a href=\"https:\/\/tierheilpraxis-lengerich.de\/?page_id=284\">Bachbl\u00fctentherapie<\/a><\/li><li><a href=\"https:\/\/tierheilpraxis-lengerich.de\/?page_id=286\">Energiearbeit, Reiki<\/a><\/li><li><a href=\"https:\/\/tierheilpraxis-lengerich.de\/?page_id=288\">Magnetfeldtherapie<\/a><\/li><li><a href=\"https:\/\/tierheilpraxis-lengerich.de\/?page_id=290\">Lifewave-Patches<\/a><\/li><li><a href=\"https:\/\/tierheilpraxis-lengerich.de\/?page_id=292\">Ern\u00e4hrungsberatung<\/a><\/li><li><a href=\"https:\/\/tierheilpraxis-lengerich.de\/?page_id=349\">Haltungs- und Trainingsmentoring<\/a> <\/li><li><a href=\"https:\/\/tierheilpraxis-lengerich.de\/?page_id=245\">Mobile Sole-Ionen-Sauerstoff-Inhalationskammer \/ Die Ganzk\u00f6rperinhalation<\/a><\/li><\/ul>\n\n\n\n<p>Nat\u00fcrlich kann ich als Tierheilpraktikerin genauso wenig wie auch als Zahn\u00e4rztin oder jeder andere Arzt\/ \u00c4rztin auch <strong>keine Heilung versprechen.<\/strong><\/p>\n\n\n\n<p style=\"text-align:right\">Zur\u00fcck: <a href=\"https:\/\/tierheilpraxis-lengerich.de\/\"><em>Startseite<\/em><\/a><\/p>\n","protected":false},"excerpt":{"rendered":"<p>Akupunktur \/ Akupressur \/ T-Touches Nadelakupunktur Laserakupunktur tierartzugelassene hom\u00f6opathische (Komplex-)Mittel Bachbl\u00fctentherapie Energiearbeit, Reiki Magnetfeldtherapie Lifewave-Patches Ern\u00e4hrungsberatung Haltungs- und Trainingsmentoring Mobile Sole-Ionen-Sauerstoff-Inhalationskammer \/ Die Ganzk\u00f6rperinhalation Nat\u00fcrlich kann ich als Tierheilpraktikerin genauso wenig wie auch als Zahn\u00e4rztin oder jeder andere Arzt\/ \u00c4rztin auch keine Heilung versprechen.<\/p>\n","protected":false},"author":1,"featured_media":0,"parent":0,"menu_order":0,"comment_status":"closed","ping_status":"closed","template":"","meta":{"footnotes":""},"class_list":["post-281","page","type-page","status-publish","hentry"],"_links":{"self":[{"href":"https:\/\/tierheilpraxis-lengerich.de\/index.php?rest_route=\/wp\/v2\/pages\/281","targetHints":{"allow":["GET"]}}],"collection":[{"href":"https:\/\/tierheilpraxis-lengerich.de\/index.php?rest_route=\/wp\/v2\/pages"}],"about":[{"href":"https:\/\/tierheilpraxis-lengerich.de\/index.php?rest_route=\/wp\/v2\/types\/page"}],"author":[{"embeddable":true,"href":"https:\/\/tierheilpraxis-lengerich.de\/index.php?rest_route=\/wp\/v2\/users\/1"}],"replies":[{"embeddable":true,"href":"https:\/\/tierheilpraxis-lengerich.de\/index.php?rest_route=%2Fwp%2Fv2%2Fcomments&post=281"}],"version-history":[{"count":22,"href":"https:\/\/tierheilpraxis-lengerich.de\/index.php?rest_route=\/wp\/v2\/pages\/281\/revisions"}],"predecessor-version":[{"id":1185,"href":"https:\/\/tierheilpraxis-lengerich.de\/index.php?rest_route=\/wp\/v2\/pages\/281\/revisions\/1185"}],"wp:attachment":[{"href":"https:\/\/tierheilpraxis-lengerich.de\/index.php?rest_route=%2Fwp%2Fv2%2Fmedia&parent=281"}],"curies":[{"name":"wp","href":"https:\/\/api.w.org\/{rel}","templated":true}]}}