{"id":250,"date":"2019-01-01T21:48:22","date_gmt":"2019-01-01T21:48:22","guid":{"rendered":"https:\/\/tierheilpraxis-lengerich.de\/?page_id=250"},"modified":"2019-02-27T13:06:23","modified_gmt":"2019-02-27T13:06:23","slug":"ernaehrungs-haltungs-und-trainingsberatung","status":"publish","type":"page","link":"https:\/\/tierheilpraxis-lengerich.de\/?page_id=250","title":{"rendered":"Weiteres zu: Ern\u00e4hrungs-Beratung"},"content":{"rendered":"\n<p>Unsere Tiere ben\u00f6tigen zus\u00e4tzlich zur ausgewogenen Ern\u00e4hrung eine m\u00f6glichst <strong>naturnahe Ern\u00e4hrung<\/strong>. Denn ein Fleischfresser, wie die Katze, kann nicht so wie eine Kuh gef\u00fcttert werden und umgekehrt. Daf\u00fcr br\u00e4uchten sie jeweils den Verdauungstrakt des anderen. Also getreidelastige oder gar vegane Ern\u00e4hrung ist f\u00fcr die Fleischfresser Tierqu\u00e4lerei.<\/p>\n\n\n\n<p>Wichtig ist auch, dass die <strong>Ern\u00e4hrung auf den Bedarf des Tieres angepasst<\/strong> wird. Ein hyperaktives Tier braucht nat\u00fcrlich mehr als ein faules. Aber auch ein krankes Tier ben\u00f6tigt zur besseren Regeneration andere bzw. mehr N\u00e4hr- und Baustoffe als Gesunde. Und manch ein Tier muss aufgrund seiner Erkrankung (z.&nbsp;B. Diabetes, Nierenerkrankungen) eine andere Futterzusammensetzung haben als Gesunde.<\/p>\n\n\n\n<p>Bei den riesigen Produktpalletten f\u00fcr alle Tierarten ist es leider f\u00fcr den \u201eOtto\u2011Normalverbraucher\u201c schon fast unm\u00f6glich die bedarfsgerechte Nahrung f\u00fcr sein Tier zu finden. Ich helfe ihnen gern dabei.<\/p>\n\n\n\n<p style=\"text-align:right\"> Zur\u00fcck:     <a href=\"https:\/\/tierheilpraxis-lengerich.de\/?page_id=281\"><em>Behandlungsspektrum<\/em><\/a><\/p>\n","protected":false},"excerpt":{"rendered":"<p>Unsere Tiere ben\u00f6tigen zus\u00e4tzlich zur ausgewogenen Ern\u00e4hrung eine m\u00f6glichst naturnahe Ern\u00e4hrung. Denn ein Fleischfresser, wie die Katze, kann nicht so wie eine Kuh gef\u00fcttert werden und umgekehrt. Daf\u00fcr br\u00e4uchten sie jeweils den Verdauungstrakt des anderen. Also getreidelastige oder gar vegane Ern\u00e4hrung ist f\u00fcr die Fleischfresser Tierqu\u00e4lerei. Wichtig ist auch, dass die Ern\u00e4hrung auf den Bedarf &hellip; <a href=\"https:\/\/tierheilpraxis-lengerich.de\/?page_id=250\" class=\"more-link\"><span class=\"screen-reader-text\">Weiteres zu: Ern\u00e4hrungs-Beratung<\/span> weiterlesen<\/a><\/p>\n","protected":false},"author":1,"featured_media":0,"parent":0,"menu_order":0,"comment_status":"closed","ping_status":"closed","template":"","meta":{"footnotes":""},"class_list":["post-250","page","type-page","status-publish","hentry"],"_links":{"self":[{"href":"https:\/\/tierheilpraxis-lengerich.de\/index.php?rest_route=\/wp\/v2\/pages\/250","targetHints":{"allow":["GET"]}}],"collection":[{"href":"https:\/\/tierheilpraxis-lengerich.de\/index.php?rest_route=\/wp\/v2\/pages"}],"about":[{"href":"https:\/\/tierheilpraxis-lengerich.de\/index.php?rest_route=\/wp\/v2\/types\/page"}],"author":[{"embeddable":true,"href":"https:\/\/tierheilpraxis-lengerich.de\/index.php?rest_route=\/wp\/v2\/users\/1"}],"replies":[{"embeddable":true,"href":"https:\/\/tierheilpraxis-lengerich.de\/index.php?rest_route=%2Fwp%2Fv2%2Fcomments&post=250"}],"version-history":[{"count":6,"href":"https:\/\/tierheilpraxis-lengerich.de\/index.php?rest_route=\/wp\/v2\/pages\/250\/revisions"}],"predecessor-version":[{"id":1046,"href":"https:\/\/tierheilpraxis-lengerich.de\/index.php?rest_route=\/wp\/v2\/pages\/250\/revisions\/1046"}],"wp:attachment":[{"href":"https:\/\/tierheilpraxis-lengerich.de\/index.php?rest_route=%2Fwp%2Fv2%2Fmedia&parent=250"}],"curies":[{"name":"wp","href":"https:\/\/api.w.org\/{rel}","templated":true}]}}