{"id":235,"date":"2019-01-01T22:18:39","date_gmt":"2019-01-01T22:18:39","guid":{"rendered":"https:\/\/tierheilpraxis-lengerich.de\/?page_id=235"},"modified":"2019-02-27T13:00:13","modified_gmt":"2019-02-27T13:00:13","slug":"energiearbeit-reiki","status":"publish","type":"page","link":"https:\/\/tierheilpraxis-lengerich.de\/?page_id=235","title":{"rendered":"Weiteres zur: Energiearbeit, Reiki"},"content":{"rendered":"\n<p>Reiki (japanisch: \u201edie universale Lebensenergie\u201c) kann eigentlich nicht mit dem logischen Verstand erkl\u00e4rt oder begriffen werden. Vielleicht haben Sie solche Energien aber auch schon mal (unterbewusst) wahrgenommen. M\u00f6glicherweise haben Sie Begegnungen mit besonderen Menschen gehabt, deren Ber\u00fchrungen Sie als sehr angenehm oder sogar energieaufladend empfunden haben. <\/p>\n\n\n\n<p style=\"text-align:right\"> Zur\u00fcck:     <a href=\"https:\/\/tierheilpraxis-lengerich.de\/?page_id=281\"><em>Behandlungsspektrum<\/em><\/a><\/p>\n","protected":false},"excerpt":{"rendered":"<p>Reiki (japanisch: \u201edie universale Lebensenergie\u201c) kann eigentlich nicht mit dem logischen Verstand erkl\u00e4rt oder begriffen werden. Vielleicht haben Sie solche Energien aber auch schon mal (unterbewusst) wahrgenommen. M\u00f6glicherweise haben Sie Begegnungen mit besonderen Menschen gehabt, deren Ber\u00fchrungen Sie als sehr angenehm oder sogar energieaufladend empfunden haben.<\/p>\n","protected":false},"author":1,"featured_media":0,"parent":0,"menu_order":0,"comment_status":"closed","ping_status":"closed","template":"","meta":{"footnotes":""},"class_list":["post-235","page","type-page","status-publish","hentry"],"_links":{"self":[{"href":"https:\/\/tierheilpraxis-lengerich.de\/index.php?rest_route=\/wp\/v2\/pages\/235","targetHints":{"allow":["GET"]}}],"collection":[{"href":"https:\/\/tierheilpraxis-lengerich.de\/index.php?rest_route=\/wp\/v2\/pages"}],"about":[{"href":"https:\/\/tierheilpraxis-lengerich.de\/index.php?rest_route=\/wp\/v2\/types\/page"}],"author":[{"embeddable":true,"href":"https:\/\/tierheilpraxis-lengerich.de\/index.php?rest_route=\/wp\/v2\/users\/1"}],"replies":[{"embeddable":true,"href":"https:\/\/tierheilpraxis-lengerich.de\/index.php?rest_route=%2Fwp%2Fv2%2Fcomments&post=235"}],"version-history":[{"count":5,"href":"https:\/\/tierheilpraxis-lengerich.de\/index.php?rest_route=\/wp\/v2\/pages\/235\/revisions"}],"predecessor-version":[{"id":1042,"href":"https:\/\/tierheilpraxis-lengerich.de\/index.php?rest_route=\/wp\/v2\/pages\/235\/revisions\/1042"}],"wp:attachment":[{"href":"https:\/\/tierheilpraxis-lengerich.de\/index.php?rest_route=%2Fwp%2Fv2%2Fmedia&parent=235"}],"curies":[{"name":"wp","href":"https:\/\/api.w.org\/{rel}","templated":true}]}}