{"id":230,"date":"2019-01-01T19:37:46","date_gmt":"2019-01-01T19:37:46","guid":{"rendered":"https:\/\/tierheilpraxis-lengerich.de\/?page_id=230"},"modified":"2019-02-27T12:58:32","modified_gmt":"2019-02-27T12:58:32","slug":"bachbluetentherapie","status":"publish","type":"page","link":"https:\/\/tierheilpraxis-lengerich.de\/?page_id=230","title":{"rendered":"Weiteres zur: Bachbl\u00fcten-Therapie"},"content":{"rendered":"\n<p>Wer kennt nicht solche Sprichworte wie: <strong>\u201eIch habe mir vor Angst fast in die Hosen gemacht\u201c. Es ist also hinl\u00e4nglich bekannt, dass seelische Probleme k\u00f6rperliche Auswirkungen haben.<\/strong> In dem oben genannten Fall ist sicher eine Windel als Therapie m\u00f6glich, aber die Angst zu reduzieren ist sicher effektiver.<\/p>\n\n\n\n<p>Viele kennen die Bachbl\u00fctentherapie durch den weit verbreiteten Einsatz von Rescue-Tropfen. Dies ist eine Kombination von mehreren Essenzen der bach\u00b4schen Bl\u00fcten.<\/p>\n\n\n\n<p style=\"text-align:right\"> Zur\u00fcck:     <a href=\"https:\/\/tierheilpraxis-lengerich.de\/?page_id=281\"><em>Behandlungsspektrum<\/em><\/a><\/p>\n","protected":false},"excerpt":{"rendered":"<p>Wer kennt nicht solche Sprichworte wie: \u201eIch habe mir vor Angst fast in die Hosen gemacht\u201c. Es ist also hinl\u00e4nglich bekannt, dass seelische Probleme k\u00f6rperliche Auswirkungen haben. In dem oben genannten Fall ist sicher eine Windel als Therapie m\u00f6glich, aber die Angst zu reduzieren ist sicher effektiver. Viele kennen die Bachbl\u00fctentherapie durch den weit verbreiteten &hellip; <a href=\"https:\/\/tierheilpraxis-lengerich.de\/?page_id=230\" class=\"more-link\"><span class=\"screen-reader-text\">Weiteres zur: Bachbl\u00fcten-Therapie<\/span> weiterlesen<\/a><\/p>\n","protected":false},"author":1,"featured_media":0,"parent":0,"menu_order":0,"comment_status":"closed","ping_status":"closed","template":"","meta":{"footnotes":""},"class_list":["post-230","page","type-page","status-publish","hentry"],"_links":{"self":[{"href":"https:\/\/tierheilpraxis-lengerich.de\/index.php?rest_route=\/wp\/v2\/pages\/230","targetHints":{"allow":["GET"]}}],"collection":[{"href":"https:\/\/tierheilpraxis-lengerich.de\/index.php?rest_route=\/wp\/v2\/pages"}],"about":[{"href":"https:\/\/tierheilpraxis-lengerich.de\/index.php?rest_route=\/wp\/v2\/types\/page"}],"author":[{"embeddable":true,"href":"https:\/\/tierheilpraxis-lengerich.de\/index.php?rest_route=\/wp\/v2\/users\/1"}],"replies":[{"embeddable":true,"href":"https:\/\/tierheilpraxis-lengerich.de\/index.php?rest_route=%2Fwp%2Fv2%2Fcomments&post=230"}],"version-history":[{"count":7,"href":"https:\/\/tierheilpraxis-lengerich.de\/index.php?rest_route=\/wp\/v2\/pages\/230\/revisions"}],"predecessor-version":[{"id":1041,"href":"https:\/\/tierheilpraxis-lengerich.de\/index.php?rest_route=\/wp\/v2\/pages\/230\/revisions\/1041"}],"wp:attachment":[{"href":"https:\/\/tierheilpraxis-lengerich.de\/index.php?rest_route=%2Fwp%2Fv2%2Fmedia&parent=230"}],"curies":[{"name":"wp","href":"https:\/\/api.w.org\/{rel}","templated":true}]}}