{"id":219,"date":"2019-01-01T19:14:21","date_gmt":"2019-01-01T19:14:21","guid":{"rendered":"https:\/\/tierheilpraxis-lengerich.de\/?page_id=219"},"modified":"2022-04-09T12:10:36","modified_gmt":"2022-04-09T12:10:36","slug":"klassische-homoeopathie","status":"publish","type":"page","link":"https:\/\/tierheilpraxis-lengerich.de\/?page_id=219","title":{"rendered":"Weiteres zu: Hom\u00f6opathische (Komplex-)Mittel"},"content":{"rendered":"<p>Hom\u00f6opathische Mittel werden h\u00e4ufig als Globuli (K\u00fcgelchen), aber auch in Tablettenform oder L\u00f6sungen verabreicht. Den gr\u00f6\u00dften Bekanntheitsgrad haben wohl die&#8220;Arnica-K\u00fcgelchen&#8220;.<\/p>\n<p>Dr. Samuel Hahnemann (*1755, +1845) kritisierte an den herk\u00f6mmlichen Arzneimittel die teilweise heftige Nebenwirkungen. Er entwickelte eine besondere Heilmittelherstellung, die Potenzierung. Hierbei werden die Arzneistoffe (u.a. pflanzliche und tierische Produkte sowie Metalle) stufenweise verd\u00fcnnt und versch\u00fcttelt. Zu seinem Erstauen reduzierten sich nicht nur die Nebenwirkungen und Erstreaktionen, sondern oftmals verst\u00e4rkte sich die heilende Wirkung.<!--StartFragment--><\/p>\n\n\n<p>Hom\u00f6opathika enthalten ab einer Potenzierung (Verd\u00fcnnungsgrad) von D24 bzw. C12 nachweislich kein Wirkstoffmolek\u00fcl mehr, sondern nur noch die feinstoffliche Energie (Informationen). Deswegen z\u00e4hlt <strong>Hom\u00f6opathie zu den Informationstherapien.<\/strong> <\/p>\n\n\n\n<p><strong>Das richtige hom\u00f6opathische Mittel ist quasi<\/strong> ein Verst\u00e4rker oder bildhafter ausgedr\u00fcckt <strong>eine Lesehilfe f\u00fcr den fast erblindeten (erkrankten) Organismus.<\/strong> <br><strong>Dem Organismus werden in kleinsten Mengen Substanzen bzw. Informationen dargereicht, die \u00e4hnliche Symptome seiner aktuellen Erkrankung vorgaukeln (\u00c4hnlichkeitsprinzip). Dadurch setzt sich der (vielleicht schon tr\u00e4ge gewordene) Organismus wieder mit seiner Krankheit auseinander und erh\u00f6ht seine Abwehrmechanismen<\/strong>. Da die Symptome des Mittels bald einfach verschwinden, hat der K\u00f6rper dann eine gr\u00f6\u00dfere Armee gegen die Krankheit. <strong>Im Endeffekt werden nur die Selbstheilungskr\u00e4fte des K\u00f6rpers angeregt und dadurch kann der K\u00f6rper und sogar die Seele wieder die Balance finden. <\/strong>Dabei kann wieder ein normales Energielevel erreicht werden.<\/p>\n\n\n\n<p>Die Kunst besteht darin, das richtige Mittel in den zig Tausenden zu finden, dass der Erkrankung, aber auch dem Lebenswandel und dem Typ des Patienten entspricht.<\/p>\n\n\n\n<p>Ich setze nur hom\u00f6opatische Mittel ein die f\u00fcr die jeweilige Tierart zugelassen sind. Verschiedene Arzneimittelhersteller bieten hom\u00f6opatische Komplexmittel f\u00fcr Tiere an. Diese Komplexmittel sind jahrelang erprobte &#8222;Kompositionen&#8220; von mehreren Einzelmittel.<\/p>\n\n\n\n<p style=\"text-align:right\"> Zur\u00fcck:     <a href=\"https:\/\/tierheilpraxis-lengerich.de\/?page_id=281\"><em>Behandlungsspektrum<\/em><\/a><\/p>\n","protected":false},"excerpt":{"rendered":"<p>Hom\u00f6opathische Mittel werden h\u00e4ufig als Globuli (K\u00fcgelchen), aber auch in Tablettenform oder L\u00f6sungen verabreicht. Den gr\u00f6\u00dften Bekanntheitsgrad haben wohl die&#8220;Arnica-K\u00fcgelchen&#8220;. Dr. Samuel Hahnemann (*1755, +1845) kritisierte an den herk\u00f6mmlichen Arzneimittel die teilweise heftige Nebenwirkungen. Er entwickelte eine besondere Heilmittelherstellung, die Potenzierung. Hierbei werden die Arzneistoffe (u.a. pflanzliche und tierische Produkte sowie Metalle) stufenweise verd\u00fcnnt und &hellip; <a href=\"https:\/\/tierheilpraxis-lengerich.de\/?page_id=219\" class=\"more-link\"><span class=\"screen-reader-text\">Weiteres zu: Hom\u00f6opathische (Komplex-)Mittel<\/span> weiterlesen<\/a><\/p>\n","protected":false},"author":1,"featured_media":0,"parent":0,"menu_order":0,"comment_status":"closed","ping_status":"closed","template":"","meta":{"footnotes":""},"class_list":["post-219","page","type-page","status-publish","hentry"],"_links":{"self":[{"href":"https:\/\/tierheilpraxis-lengerich.de\/index.php?rest_route=\/wp\/v2\/pages\/219","targetHints":{"allow":["GET"]}}],"collection":[{"href":"https:\/\/tierheilpraxis-lengerich.de\/index.php?rest_route=\/wp\/v2\/pages"}],"about":[{"href":"https:\/\/tierheilpraxis-lengerich.de\/index.php?rest_route=\/wp\/v2\/types\/page"}],"author":[{"embeddable":true,"href":"https:\/\/tierheilpraxis-lengerich.de\/index.php?rest_route=\/wp\/v2\/users\/1"}],"replies":[{"embeddable":true,"href":"https:\/\/tierheilpraxis-lengerich.de\/index.php?rest_route=%2Fwp%2Fv2%2Fcomments&post=219"}],"version-history":[{"count":11,"href":"https:\/\/tierheilpraxis-lengerich.de\/index.php?rest_route=\/wp\/v2\/pages\/219\/revisions"}],"predecessor-version":[{"id":1190,"href":"https:\/\/tierheilpraxis-lengerich.de\/index.php?rest_route=\/wp\/v2\/pages\/219\/revisions\/1190"}],"wp:attachment":[{"href":"https:\/\/tierheilpraxis-lengerich.de\/index.php?rest_route=%2Fwp%2Fv2%2Fmedia&parent=219"}],"curies":[{"name":"wp","href":"https:\/\/api.w.org\/{rel}","templated":true}]}}