{"id":18,"date":"2018-12-30T20:12:31","date_gmt":"2018-12-30T20:12:31","guid":{"rendered":"https:\/\/tierheilpraxis-lengerich.de\/?page_id=18"},"modified":"2019-06-15T11:57:30","modified_gmt":"2019-06-15T11:57:30","slug":"ueber-mich","status":"publish","type":"page","link":"https:\/\/tierheilpraxis-lengerich.de\/?page_id=18","title":{"rendered":"\u00dcber mich"},"content":{"rendered":"\n<div class=\"wp-block-media-text alignwide\" style=\"grid-template-columns:23% auto\"><figure class=\"wp-block-media-text__media\"><img loading=\"lazy\" decoding=\"async\" width=\"354\" height=\"554\" src=\"https:\/\/tierheilpraxis-lengerich.de\/wp-content\/uploads\/2018\/12\/Annette-Bluhm.jpg\" alt=\"\" class=\"wp-image-96\" srcset=\"https:\/\/tierheilpraxis-lengerich.de\/wp-content\/uploads\/2018\/12\/Annette-Bluhm.jpg 354w, https:\/\/tierheilpraxis-lengerich.de\/wp-content\/uploads\/2018\/12\/Annette-Bluhm-192x300.jpg 192w\" sizes=\"auto, (max-width: 354px) 100vw, 354px\" \/><\/figure><div class=\"wp-block-media-text__content\">\n<p style=\"text-align:center\">gepr\u00fcfte Tierheilpraktikerin beim \u00c4ltesten Verband der Tierheilpraktiker Deutschlands<\/p>\n\n\n\n<p>aber auch Human-Zahn\u00e4rztin (Dr. med. dent.), Reitwart und Pferde-Trainer nach Eschbach<\/p>\n<\/div><\/div>\n\n\n<p><strong>Von Klein an<\/strong> bin ich mit ganzem Herzen mit den Tieren und der Natur verbunden. Aufgewachsen bin ich in Lengerich mit vielen Tieren \u2013 besonders Pferden, Hunden, Katzen, aber auch Nutztieren.<\/p>\n<p><strong>Besonders spannend fand und finde ich immer wieder wie sich besondere Einfl\u00fcsse zu positiven oder negativen Ver\u00e4nderungen bei Mensch, Tier und Natur f\u00fchren.<\/strong><\/p>\n<p>Aufgrund dieser Faszination der Zusammenh\u00e4nge von Ursache und Wirkung habe ich sp\u00e4ter Zahn\u2011Medizin studiert. In diesem Fachgebiet werde ich <strong>auch weiterhin als Dr. med. dent. meine menschlichen Patienten ganzheitlich behandeln<\/strong>.<\/p>\n<p>Doch der Hang zu den Tieren allgemeinen und zu den Pferden im speziellen, hat mich dazu bewogen diesen eingetretenen Pfad zu verlassen und mich neu auszurichten.<\/p>\n<p>Viele Jahre habe ich unsere Pferde leistungsm\u00e4\u00dfig geritten und als Reitwart leistungsorientierten Unterricht erteilt. Doch dann kam der Punkt, dass meine geliebten Sportpartner immer \u00e4lter wurden. Ihr ein oder anderes Zipperlein lie\u00df das gewohnte leistungsorientierte Leben nicht mehr zu. Meine Pferde zeigten mir aber, dass sie trotz eines naturnah gestalteten Pferdelebens in einer Herde doch unterfordert und todtraurig waren.<\/p>\n<p>So begann ich <strong>meinen Horizont bei Markus und Andrea Eschbach zu erweitern in Richtung<\/strong>: Bodenarbeit, Dual Aktivierung, Equikinetic\u00ae bis hin zu T-Touches\u00ae. Es waren die <strong>ersten intensiven Kontakte zu (kleineren) physiotherapeutisch nutzbaren Therapieformen<\/strong>. Durch diese den Geist und K\u00f6rper des Pferdes anregenden Therapieformen bl\u00fchte selbst unser Pferde-Opa (nach 15 Jahren Rentnerdasein) wieder auf und meine kleine, total unter Strom stehende Stute entspannte sich.<\/p>\n<p>Nun hatte es mich wieder erwischt: die Faszination der Medizin, bzw. das \u201ewie funktioniert was im K\u00f6rper und wie kann ich es beeinflussen\u201c.<\/p>\n<p>Es folgten Kurse in Richtung <strong>Pferdeern\u00e4hrunglehre<\/strong>.<\/p>\n<p>Daraufhin war der Schritt zur <strong>Ausbildung zum Tierheilpraktiker<\/strong> nicht mehr weit.<\/p>\n<p>So ist aus dem Bestreben meinen Pferden ein erf\u00fclltes Leben zu bieten, die Idee entstanden vielen Tieren zu helfen.<\/p>","protected":false},"excerpt":{"rendered":"<p>gepr\u00fcfte Tierheilpraktikerin beim \u00c4ltesten Verband der Tierheilpraktiker Deutschlands aber auch Human-Zahn\u00e4rztin (Dr. med. dent.), Reitwart und Pferde-Trainer nach Eschbach Von Klein an bin ich mit ganzem Herzen mit den Tieren und der Natur verbunden. Aufgewachsen bin ich in Lengerich mit vielen Tieren \u2013 besonders Pferden, Hunden, Katzen, aber auch Nutztieren. Besonders spannend fand und finde &hellip; <a href=\"https:\/\/tierheilpraxis-lengerich.de\/?page_id=18\" class=\"more-link\"><span class=\"screen-reader-text\">\u00dcber mich<\/span> weiterlesen<\/a><\/p>\n","protected":false},"author":1,"featured_media":0,"parent":0,"menu_order":3,"comment_status":"closed","ping_status":"closed","template":"","meta":{"footnotes":""},"class_list":["post-18","page","type-page","status-publish","hentry"],"_links":{"self":[{"href":"https:\/\/tierheilpraxis-lengerich.de\/index.php?rest_route=\/wp\/v2\/pages\/18","targetHints":{"allow":["GET"]}}],"collection":[{"href":"https:\/\/tierheilpraxis-lengerich.de\/index.php?rest_route=\/wp\/v2\/pages"}],"about":[{"href":"https:\/\/tierheilpraxis-lengerich.de\/index.php?rest_route=\/wp\/v2\/types\/page"}],"author":[{"embeddable":true,"href":"https:\/\/tierheilpraxis-lengerich.de\/index.php?rest_route=\/wp\/v2\/users\/1"}],"replies":[{"embeddable":true,"href":"https:\/\/tierheilpraxis-lengerich.de\/index.php?rest_route=%2Fwp%2Fv2%2Fcomments&post=18"}],"version-history":[{"count":16,"href":"https:\/\/tierheilpraxis-lengerich.de\/index.php?rest_route=\/wp\/v2\/pages\/18\/revisions"}],"predecessor-version":[{"id":1173,"href":"https:\/\/tierheilpraxis-lengerich.de\/index.php?rest_route=\/wp\/v2\/pages\/18\/revisions\/1173"}],"wp:attachment":[{"href":"https:\/\/tierheilpraxis-lengerich.de\/index.php?rest_route=%2Fwp%2Fv2%2Fmedia&parent=18"}],"curies":[{"name":"wp","href":"https:\/\/api.w.org\/{rel}","templated":true}]}}