{"id":167,"date":"2019-01-01T15:01:46","date_gmt":"2019-01-01T15:01:46","guid":{"rendered":"https:\/\/tierheilpraxis-lengerich.de\/?page_id=167"},"modified":"2019-03-01T08:57:41","modified_gmt":"2019-03-01T08:57:41","slug":"allgemeines-zur-alternativmedizin","status":"publish","type":"page","link":"https:\/\/tierheilpraxis-lengerich.de\/?page_id=167","title":{"rendered":"Allgemeines zur Alternativmedizin"},"content":{"rendered":"\n<p>Alternative Medizin l\u00e4sst sich schwierig oder gar nicht mit wissenschaftlichen Methoden analysieren. Die existierenden Beweise f\u00fcr ihre Wirksamkeit bestehen meist aus \u00e4lteren Erz\u00e4hlungen. Aber immerhin sind die Behandlungsergebnisse Hunderte, wenn nicht gar sogar Tausende von Jahren beobachtet worden.<\/p>\n\n\n\n<p>Nat\u00fcrlich kann man auch in der Alternativmedizin, wie auch bei der Schulmedizin kein Heilung versprechen.<\/p>\n\n\n\n<p>Viele Gedankenmuster und Therapieans\u00e4tze beruhen auf der Traditionellen Chinesischen Medizin (TCM).<\/p>\n\n\n\n<div class=\"wp-block-cover is-layout-flow wp-block-cover-is-layout-flow\" style=\"background-image:url(https:\/\/tierheilpraxis-lengerich.de\/wp-content\/uploads\/2019\/01\/IMG_20180713_162507-FILEminimizer.jpg)\"><\/div>\n\n\n\n<div class=\"wp-block-image\"><figure class=\"alignright is-resized\"><img loading=\"lazy\" decoding=\"async\" src=\"https:\/\/tierheilpraxis-lengerich.de\/wp-content\/uploads\/2019\/01\/IMG_20180713_163553-FILEminimizer.jpg\" alt=\"\" class=\"wp-image-177\" width=\"429\" height=\"322\" srcset=\"https:\/\/tierheilpraxis-lengerich.de\/wp-content\/uploads\/2019\/01\/IMG_20180713_163553-FILEminimizer.jpg 639w, https:\/\/tierheilpraxis-lengerich.de\/wp-content\/uploads\/2019\/01\/IMG_20180713_163553-FILEminimizer-300x225.jpg 300w\" sizes=\"auto, (max-width: 429px) 100vw, 429px\" \/><figcaption>zu viel Yang<\/figcaption><\/figure><\/div>\n\n\n\n<p>Die alten Chinesen gingen davon aus, dass im K\u00f6rper gegens\u00e4tzliche Energien (Yin und Yang) flie\u00dfen. F\u00fcr unsere westliche Welt kann man sie als Minus und Plus bezeichnen.<\/p>\n\n\n\n<div class=\"wp-block-image\"><figure class=\"alignleft is-resized\"><img loading=\"lazy\" decoding=\"async\" src=\"https:\/\/tierheilpraxis-lengerich.de\/wp-content\/uploads\/2019\/01\/IMG_20180713_162507-FILEminimizer.jpg\" alt=\"\" class=\"wp-image-176\" width=\"381\" height=\"286\" srcset=\"https:\/\/tierheilpraxis-lengerich.de\/wp-content\/uploads\/2019\/01\/IMG_20180713_162507-FILEminimizer.jpg 639w, https:\/\/tierheilpraxis-lengerich.de\/wp-content\/uploads\/2019\/01\/IMG_20180713_162507-FILEminimizer-300x225.jpg 300w\" sizes=\"auto, (max-width: 381px) 100vw, 381px\" \/><figcaption>Ausgeglichene Ying- und Yang-energie<\/figcaption><\/figure><\/div>\n\n\n\n<p>Beim Gesunden versuchen sich diese Lebensenergien (Minus und Plus) immer auszugleichen. Aber nur wenn die Energien flie\u00dfen findet Leben statt. Das Licht kann halt nur leuchten, wenn Minus und Plus angeschlossen sind und der Strom flie\u00dfen kann. <\/p>\n\n\n\n<div class=\"wp-block-image\"><figure class=\"alignright is-resized\"><img loading=\"lazy\" decoding=\"async\" src=\"https:\/\/tierheilpraxis-lengerich.de\/wp-content\/uploads\/2019\/01\/IMG_20180713_163708-FILEminimizer.jpg\" alt=\"\" class=\"wp-image-178\" width=\"462\" height=\"347\" srcset=\"https:\/\/tierheilpraxis-lengerich.de\/wp-content\/uploads\/2019\/01\/IMG_20180713_163708-FILEminimizer.jpg 639w, https:\/\/tierheilpraxis-lengerich.de\/wp-content\/uploads\/2019\/01\/IMG_20180713_163708-FILEminimizer-300x225.jpg 300w\" sizes=\"auto, (max-width: 462px) 100vw, 462px\" \/><figcaption>viel zu wenig Ying-Energie<\/figcaption><\/figure><\/div>\n\n\n\n<p>Stagniert der Energiefluss, oder sind Plus oder Minus im Exzess oder Mangel vorhanden und kommt es zu keiner Harmonisierung, manifestiert sich eine Krankheit. <\/p>\n\n\n\n<p>Bei  den verschiedensten Therapieans\u00e4tzen der Alternativmedizin versucht man durch Reize den Energiefluss wieder in geordnete Bahnen zu lenken.  Manchmal schie\u00dft der K\u00f6rper \u00fcber sein Ziel hinaus und es kommt zur sogenannten <a href=\"https:\/\/tierheilpraxis-lengerich.de\/?page_id=373\">Erstreaktion<\/a>.<\/p>\n\n\n\n<p style=\"text-align:right\">Zur\u00fcck: <a href=\"https:\/\/tierheilpraxis-lengerich.de\/\"><em>Startseite<\/em><\/a><\/p>\n","protected":false},"excerpt":{"rendered":"<p>Alternative Medizin l\u00e4sst sich schwierig oder gar nicht mit wissenschaftlichen Methoden analysieren. Die existierenden Beweise f\u00fcr ihre Wirksamkeit bestehen meist aus \u00e4lteren Erz\u00e4hlungen. Aber immerhin sind die Behandlungsergebnisse Hunderte, wenn nicht gar sogar Tausende von Jahren beobachtet worden. Nat\u00fcrlich kann man auch in der Alternativmedizin, wie auch bei der Schulmedizin kein Heilung versprechen. Viele Gedankenmuster &hellip; <a href=\"https:\/\/tierheilpraxis-lengerich.de\/?page_id=167\" class=\"more-link\"><span class=\"screen-reader-text\">Allgemeines zur Alternativmedizin<\/span> weiterlesen<\/a><\/p>\n","protected":false},"author":1,"featured_media":0,"parent":0,"menu_order":0,"comment_status":"closed","ping_status":"closed","template":"","meta":{"footnotes":""},"class_list":["post-167","page","type-page","status-publish","hentry"],"_links":{"self":[{"href":"https:\/\/tierheilpraxis-lengerich.de\/index.php?rest_route=\/wp\/v2\/pages\/167","targetHints":{"allow":["GET"]}}],"collection":[{"href":"https:\/\/tierheilpraxis-lengerich.de\/index.php?rest_route=\/wp\/v2\/pages"}],"about":[{"href":"https:\/\/tierheilpraxis-lengerich.de\/index.php?rest_route=\/wp\/v2\/types\/page"}],"author":[{"embeddable":true,"href":"https:\/\/tierheilpraxis-lengerich.de\/index.php?rest_route=\/wp\/v2\/users\/1"}],"replies":[{"embeddable":true,"href":"https:\/\/tierheilpraxis-lengerich.de\/index.php?rest_route=%2Fwp%2Fv2%2Fcomments&post=167"}],"version-history":[{"count":11,"href":"https:\/\/tierheilpraxis-lengerich.de\/index.php?rest_route=\/wp\/v2\/pages\/167\/revisions"}],"predecessor-version":[{"id":1146,"href":"https:\/\/tierheilpraxis-lengerich.de\/index.php?rest_route=\/wp\/v2\/pages\/167\/revisions\/1146"}],"wp:attachment":[{"href":"https:\/\/tierheilpraxis-lengerich.de\/index.php?rest_route=%2Fwp%2Fv2%2Fmedia&parent=167"}],"curies":[{"name":"wp","href":"https:\/\/api.w.org\/{rel}","templated":true}]}}