{"id":161,"date":"2019-01-01T13:45:18","date_gmt":"2019-01-01T13:45:18","guid":{"rendered":"https:\/\/tierheilpraxis-lengerich.de\/?page_id=161"},"modified":"2019-03-01T09:03:28","modified_gmt":"2019-03-01T09:03:28","slug":"in-der-mobilen-tierheilpraxis-annette-bluhm","status":"publish","type":"page","link":"https:\/\/tierheilpraxis-lengerich.de\/?page_id=161","title":{"rendered":"Einblicke in die mobile Tierheilpraxis Annette Bluhm f\u00fcr Pferde und Kleintiere"},"content":{"rendered":"\n<p style=\"color:#2f72ba;text-align:center\" class=\"has-text-color\"><br>Es werden ihre <a href=\"https:\/\/tierheilpraxis-lengerich.de\/?page_id=540\">Pferde- und Kleintiere<\/a> <\/p>\n\n\n\n<p style=\"color:#2f72ba;text-align:center\" class=\"has-text-color\">ohne Transportstress<\/p>\n\n\n\n<p style=\"text-align:center\" class=\"has-text-color has-medium-pink-color\"> mittels  <a href=\"https:\/\/tierheilpraxis-lengerich.de\/?page_id=281\">verschiedener alternativmedizinischer Therapieans\u00e4tze<\/a><\/p>\n\n\n\n<p style=\"color:#f55302;text-align:center\" class=\"has-text-color\"><a href=\"https:\/\/tierheilpraxis-lengerich.de\/?page_id=505\"> ganzheitlich behandelt<\/a><\/p>\n\n\n\n<p style=\"color:#f55302;text-align:center\" class=\"has-text-color\">unter Ber\u00fccksichtigung aller individueller Z\u00fcge ihres Tieres:<\/p>\n\n\n\n<p style=\"color:#f55302;text-align:center\" class=\"has-text-color\">Angefangen von K\u00f6rper, Geist und Seele,<\/p>\n\n\n\n<p style=\"color:#f55302;text-align:center\" class=\"has-text-color\">bis hin zur Ern\u00e4hrung, Haltung und Trainingszustand.<br><\/p>\n\n\n<p><\/p>\n<p style=\"text-align: center;\"><span style=\"color: #8f47ed;\"><strong>F\u00fcr mich ist das Wesentliche der Medizin:<\/strong><\/span><br><span style=\"color: #8f47ed;\"><strong>nicht nur den Kranken zu heilen,<\/strong><\/span><br><span style=\"color: #8f47ed;\"><strong>sondern den Gesunden (oder nun wieder Gesunden) gesund zu erhalten.<\/strong><\/span><\/p>\n\n\n<blockquote style=\"text-align:right\" class=\"wp-block-quote is-layout-flow wp-block-quote-is-layout-flow\"><p>\u201eBaue den Brunnen bevor du Durst bekommst.\u201c<\/p><cite>chinesisches Sprichwort<\/cite><\/blockquote>\n\n\n<p><\/p>\n<p><\/p>\n\n\n<p style=\"text-align:right\">Weiter zu : <em><a href=\"http:\/\/zeiten\">Sprechzeiten<\/a><\/em> <\/p>\n\n\n\n<p style=\"text-align:right\">Zur\u00fcck: <a href=\"https:\/\/tierheilpraxis-lengerich.de\/\"><em>Startseite<\/em><\/a><\/p>\n","protected":false},"excerpt":{"rendered":"<p>Es werden ihre Pferde- und Kleintiere ohne Transportstress mittels verschiedener alternativmedizinischer Therapieans\u00e4tze ganzheitlich behandelt unter Ber\u00fccksichtigung aller individueller Z\u00fcge ihres Tieres: Angefangen von K\u00f6rper, Geist und Seele, F\u00fcr mich ist das Wesentliche der Medizin:nicht nur den Kranken zu heilen,sondern den Gesunden (oder nun wieder Gesunden) gesund zu erhalten. \u201eBaue den Brunnen bevor du Durst bekommst.\u201c &hellip; <a href=\"https:\/\/tierheilpraxis-lengerich.de\/?page_id=161\" class=\"more-link\"><span class=\"screen-reader-text\">Einblicke in die mobile Tierheilpraxis Annette Bluhm f\u00fcr Pferde und Kleintiere<\/span> weiterlesen<\/a><\/p>\n","protected":false},"author":1,"featured_media":0,"parent":0,"menu_order":0,"comment_status":"closed","ping_status":"closed","template":"","meta":{"footnotes":""},"class_list":["post-161","page","type-page","status-publish","hentry"],"_links":{"self":[{"href":"https:\/\/tierheilpraxis-lengerich.de\/index.php?rest_route=\/wp\/v2\/pages\/161","targetHints":{"allow":["GET"]}}],"collection":[{"href":"https:\/\/tierheilpraxis-lengerich.de\/index.php?rest_route=\/wp\/v2\/pages"}],"about":[{"href":"https:\/\/tierheilpraxis-lengerich.de\/index.php?rest_route=\/wp\/v2\/types\/page"}],"author":[{"embeddable":true,"href":"https:\/\/tierheilpraxis-lengerich.de\/index.php?rest_route=\/wp\/v2\/users\/1"}],"replies":[{"embeddable":true,"href":"https:\/\/tierheilpraxis-lengerich.de\/index.php?rest_route=%2Fwp%2Fv2%2Fcomments&post=161"}],"version-history":[{"count":18,"href":"https:\/\/tierheilpraxis-lengerich.de\/index.php?rest_route=\/wp\/v2\/pages\/161\/revisions"}],"predecessor-version":[{"id":1148,"href":"https:\/\/tierheilpraxis-lengerich.de\/index.php?rest_route=\/wp\/v2\/pages\/161\/revisions\/1148"}],"wp:attachment":[{"href":"https:\/\/tierheilpraxis-lengerich.de\/index.php?rest_route=%2Fwp%2Fv2%2Fmedia&parent=161"}],"curies":[{"name":"wp","href":"https:\/\/api.w.org\/{rel}","templated":true}]}}