{"id":106,"date":"2018-12-30T21:31:42","date_gmt":"2018-12-30T21:31:42","guid":{"rendered":"https:\/\/tierheilpraxis-lengerich.de\/?page_id=106"},"modified":"2019-03-01T04:20:27","modified_gmt":"2019-03-01T04:20:27","slug":"informationen-zu-den-preisen","status":"publish","type":"page","link":"https:\/\/tierheilpraxis-lengerich.de\/?page_id=106","title":{"rendered":"Informationen zu den Preisen"},"content":{"rendered":"\n<p>Die Geb\u00fchren der Therapien werden <strong>je nach zeitlichen und technischen Aufwand individuell kalkuliert<\/strong>. Grunds\u00e4tzlich richten sich die Preise nach der Geb\u00fchrenverordnung f\u00fcr Tierheilpraktiker.<\/p>\n\n\n\n<p>Bitte bedenken Sie bei ihren Preisvorstellungen, dass eine Erstuntersuchung ein bis zwei Stunden dauert. Die Folgetermine sind erfahrungsgem\u00e4\u00df k\u00fcrzer, aber haben m\u00f6glicherweise einen gr\u00f6\u00dferen technischen Aufwand bei der individualisierten Therapie.<\/p>\n\n\n\n<p>Gerne gebe ich Ihnen Auskunft \u00fcber die einzelne Preise oder sende Ihnen ein <strong>Angebot <\/strong> zu.<\/p>\n\n\n\n<p>Kontaktieren Sie mich unter <strong>0170 65 14 104<\/strong><\/p>\n\n\n\n<p style=\"text-align:right\">Zur\u00fcck: <a href=\"https:\/\/tierheilpraxis-lengerich.de\/\"><em>Startseite<\/em><\/a><\/p>\n","protected":false},"excerpt":{"rendered":"<p>Die Geb\u00fchren der Therapien werden je nach zeitlichen und technischen Aufwand individuell kalkuliert. Grunds\u00e4tzlich richten sich die Preise nach der Geb\u00fchrenverordnung f\u00fcr Tierheilpraktiker. Bitte bedenken Sie bei ihren Preisvorstellungen, dass eine Erstuntersuchung ein bis zwei Stunden dauert. Die Folgetermine sind erfahrungsgem\u00e4\u00df k\u00fcrzer, aber haben m\u00f6glicherweise einen gr\u00f6\u00dferen technischen Aufwand bei der individualisierten Therapie. Gerne gebe &hellip; <a href=\"https:\/\/tierheilpraxis-lengerich.de\/?page_id=106\" class=\"more-link\"><span class=\"screen-reader-text\">Informationen zu den Preisen<\/span> weiterlesen<\/a><\/p>\n","protected":false},"author":1,"featured_media":0,"parent":0,"menu_order":8,"comment_status":"closed","ping_status":"closed","template":"","meta":{"footnotes":""},"class_list":["post-106","page","type-page","status-publish","hentry"],"_links":{"self":[{"href":"https:\/\/tierheilpraxis-lengerich.de\/index.php?rest_route=\/wp\/v2\/pages\/106","targetHints":{"allow":["GET"]}}],"collection":[{"href":"https:\/\/tierheilpraxis-lengerich.de\/index.php?rest_route=\/wp\/v2\/pages"}],"about":[{"href":"https:\/\/tierheilpraxis-lengerich.de\/index.php?rest_route=\/wp\/v2\/types\/page"}],"author":[{"embeddable":true,"href":"https:\/\/tierheilpraxis-lengerich.de\/index.php?rest_route=\/wp\/v2\/users\/1"}],"replies":[{"embeddable":true,"href":"https:\/\/tierheilpraxis-lengerich.de\/index.php?rest_route=%2Fwp%2Fv2%2Fcomments&post=106"}],"version-history":[{"count":6,"href":"https:\/\/tierheilpraxis-lengerich.de\/index.php?rest_route=\/wp\/v2\/pages\/106\/revisions"}],"predecessor-version":[{"id":1112,"href":"https:\/\/tierheilpraxis-lengerich.de\/index.php?rest_route=\/wp\/v2\/pages\/106\/revisions\/1112"}],"wp:attachment":[{"href":"https:\/\/tierheilpraxis-lengerich.de\/index.php?rest_route=%2Fwp%2Fv2%2Fmedia&parent=106"}],"curies":[{"name":"wp","href":"https:\/\/api.w.org\/{rel}","templated":true}]}}