{"id":105,"date":"2018-12-30T21:22:02","date_gmt":"2018-12-30T21:22:02","guid":{"rendered":"https:\/\/tierheilpraxis-lengerich.de\/?page_id=105"},"modified":"2019-03-01T08:59:35","modified_gmt":"2019-03-01T08:59:35","slug":"sprechzeiten","status":"publish","type":"page","link":"https:\/\/tierheilpraxis-lengerich.de\/?page_id=105","title":{"rendered":"Sprechzeiten"},"content":{"rendered":"\n<p>Da ich auch noch als Zahnarzt t\u00e4tig bin, stehe ich Ihnen nicht jederzeit zur Verf\u00fcgung. <\/p>\n\n\n\n<p>In meiner Tierheilpraxis vergebe ich ausschlie\u00dflich feste Termine. Bitte kontaktieren Sie mich auf meinem Handy: 0170 65 14 104.<\/p>\n\n\n\n<p>Falls ich nicht pers\u00f6nlich Ihr Gespr\u00e4ch entgegen nehmen kann:  hinterlassen Sie bitte ihren Namen und ihre Telefonnummer auf der Mail-Box. Ich werde Sie baldm\u00f6glichst zur\u00fcckrufen. <\/p>\n\n\n\n<p style=\"text-align:right\">Zur\u00fcck: <a href=\"https:\/\/tierheilpraxis-lengerich.de\/\"><em>Startseite<\/em><\/a><\/p>\n","protected":false},"excerpt":{"rendered":"<p>Da ich auch noch als Zahnarzt t\u00e4tig bin, stehe ich Ihnen nicht jederzeit zur Verf\u00fcgung. In meiner Tierheilpraxis vergebe ich ausschlie\u00dflich feste Termine. Bitte kontaktieren Sie mich auf meinem Handy: 0170 65 14 104. Falls ich nicht pers\u00f6nlich Ihr Gespr\u00e4ch entgegen nehmen kann: hinterlassen Sie bitte ihren Namen und ihre Telefonnummer auf der Mail-Box. Ich &hellip; <a href=\"https:\/\/tierheilpraxis-lengerich.de\/?page_id=105\" class=\"more-link\"><span class=\"screen-reader-text\">Sprechzeiten<\/span> weiterlesen<\/a><\/p>\n","protected":false},"author":1,"featured_media":0,"parent":0,"menu_order":7,"comment_status":"closed","ping_status":"closed","template":"","meta":{"footnotes":""},"class_list":["post-105","page","type-page","status-publish","hentry"],"_links":{"self":[{"href":"https:\/\/tierheilpraxis-lengerich.de\/index.php?rest_route=\/wp\/v2\/pages\/105","targetHints":{"allow":["GET"]}}],"collection":[{"href":"https:\/\/tierheilpraxis-lengerich.de\/index.php?rest_route=\/wp\/v2\/pages"}],"about":[{"href":"https:\/\/tierheilpraxis-lengerich.de\/index.php?rest_route=\/wp\/v2\/types\/page"}],"author":[{"embeddable":true,"href":"https:\/\/tierheilpraxis-lengerich.de\/index.php?rest_route=\/wp\/v2\/users\/1"}],"replies":[{"embeddable":true,"href":"https:\/\/tierheilpraxis-lengerich.de\/index.php?rest_route=%2Fwp%2Fv2%2Fcomments&post=105"}],"version-history":[{"count":3,"href":"https:\/\/tierheilpraxis-lengerich.de\/index.php?rest_route=\/wp\/v2\/pages\/105\/revisions"}],"predecessor-version":[{"id":1147,"href":"https:\/\/tierheilpraxis-lengerich.de\/index.php?rest_route=\/wp\/v2\/pages\/105\/revisions\/1147"}],"wp:attachment":[{"href":"https:\/\/tierheilpraxis-lengerich.de\/index.php?rest_route=%2Fwp%2Fv2%2Fmedia&parent=105"}],"curies":[{"name":"wp","href":"https:\/\/api.w.org\/{rel}","templated":true}]}}