{"id":103,"date":"2018-12-30T21:59:54","date_gmt":"2018-12-30T21:59:54","guid":{"rendered":"https:\/\/tierheilpraxis-lengerich.de\/?page_id=103"},"modified":"2019-03-01T04:14:10","modified_gmt":"2019-03-01T04:14:10","slug":"alternative-medizin-kontra-schulmedizin","status":"publish","type":"page","link":"https:\/\/tierheilpraxis-lengerich.de\/?page_id=103","title":{"rendered":"Alternative Medizin kontra Schulmedizin?"},"content":{"rendered":"\n<p><strong>Die Naturheilkunde<\/strong> verstehe ich einerseits <strong>als Alternative<\/strong>, aber auch <strong>als Begleittherapie zur tier\u00e4rztlichen\nSchulmedizin<\/strong>. <\/p>\n\n\n\n<p>Notf\u00e4lle, Therapien von Erkrankungen\nnach dem Tierseuchengesetz, einige Untersuchungen, Impfungen und invasive\nTherapien geh\u00f6ren in die Hand Ihres Haustierarztes oder einer Tierklinik! <\/p>\n\n\n\n<p>Bitte haben Sie Verst\u00e4ndnis, dass ich in diesen F\u00e4llen verweise.<\/p>\n\n\n\n<p style=\"text-align:right\"><em>Weiterlesen: <\/em><a href=\"https:\/\/tierheilpraxis-lengerich.de\/?page_id=479\"><em>Was ist anders in der Alternativmedizin?<\/em><\/a><\/p>\n","protected":false},"excerpt":{"rendered":"<p>Die Naturheilkunde verstehe ich einerseits als Alternative, aber auch als Begleittherapie zur tier\u00e4rztlichen Schulmedizin. Notf\u00e4lle, Therapien von Erkrankungen nach dem Tierseuchengesetz, einige Untersuchungen, Impfungen und invasive Therapien geh\u00f6ren in die Hand Ihres Haustierarztes oder einer Tierklinik! Bitte haben Sie Verst\u00e4ndnis, dass ich in diesen F\u00e4llen verweise. Weiterlesen: Was ist anders in der Alternativmedizin?<\/p>\n","protected":false},"author":1,"featured_media":0,"parent":0,"menu_order":0,"comment_status":"closed","ping_status":"closed","template":"","meta":{"footnotes":""},"class_list":["post-103","page","type-page","status-publish","hentry"],"_links":{"self":[{"href":"https:\/\/tierheilpraxis-lengerich.de\/index.php?rest_route=\/wp\/v2\/pages\/103","targetHints":{"allow":["GET"]}}],"collection":[{"href":"https:\/\/tierheilpraxis-lengerich.de\/index.php?rest_route=\/wp\/v2\/pages"}],"about":[{"href":"https:\/\/tierheilpraxis-lengerich.de\/index.php?rest_route=\/wp\/v2\/types\/page"}],"author":[{"embeddable":true,"href":"https:\/\/tierheilpraxis-lengerich.de\/index.php?rest_route=\/wp\/v2\/users\/1"}],"replies":[{"embeddable":true,"href":"https:\/\/tierheilpraxis-lengerich.de\/index.php?rest_route=%2Fwp%2Fv2%2Fcomments&post=103"}],"version-history":[{"count":18,"href":"https:\/\/tierheilpraxis-lengerich.de\/index.php?rest_route=\/wp\/v2\/pages\/103\/revisions"}],"predecessor-version":[{"id":910,"href":"https:\/\/tierheilpraxis-lengerich.de\/index.php?rest_route=\/wp\/v2\/pages\/103\/revisions\/910"}],"wp:attachment":[{"href":"https:\/\/tierheilpraxis-lengerich.de\/index.php?rest_route=%2Fwp%2Fv2%2Fmedia&parent=103"}],"curies":[{"name":"wp","href":"https:\/\/api.w.org\/{rel}","templated":true}]}}