{"id":100,"date":"2018-12-30T20:39:49","date_gmt":"2018-12-30T20:39:49","guid":{"rendered":"https:\/\/tierheilpraxis-lengerich.de\/?page_id=100"},"modified":"2019-03-01T08:36:13","modified_gmt":"2019-03-01T08:36:13","slug":"einblicke-in-meine-mobile-tierheilpraxis-fuer-gross-und-kleintiere-untersuchungsmethoden","status":"publish","type":"page","link":"https:\/\/tierheilpraxis-lengerich.de\/?page_id=100","title":{"rendered":"Untersuchungsmethoden"},"content":{"rendered":"\n<h3 class=\"wp-block-heading\">Klassische Anamnese und manuelle Untersuchung <\/h3>\n\n\n\n<p>Durch ein <strong>intensives Gespr\u00e4ch mit dem Besitzer oder\nPfleger<\/strong> werden die <strong>Besonderheiten\ndes Patienten<\/strong>, der <strong>Krankheitsgeschichte<\/strong>,\naber auch der <strong>gesundheitsmodulierenden\nEinflussfaktoren<\/strong> aufgenommen. <\/p>\n\n\n\n<p>Darauf erfolgt eine <strong>Untersuchung von Kopf bis Fu\u00df<\/strong>. Durch abtasten, abh\u00f6ren und beobachten kann ich viele Hinweise \u00fcber die Erkrankung erlangen.<\/p>\n\n\n\n<h3 class=\"wp-block-heading\">\n\n\n\n\n\n\n\n\n\n\n\n\n\n\n\n\n\nOME-Testung\n\n\n\n<\/h3>\n\n\n\n<p>R\u00fcckschl\u00fcsse des jeweiligen <strong>Gesundheitszustandes der einzelnen Organe<\/strong> und deren Funktionskreise sind <strong>durch das Abtasten besonderer Akupunkturpunkte<\/strong> zu ziehen. Der \u201eEnergiestatus\u201c der mit diesen Punkten verbundenen Organen und deren Meridianen (k\u00f6rpereigene Energieleitbahnen) ist mittels Biotensor darstellbar.<\/p>\n\n\n\n<h3 class=\"wp-block-heading\"> Erweiterte Labor-Diagnostik <\/h3>\n\n\n\n<p>Falls erforderlich werde ich im Rahmen eines Krankheitsfalles Kot, Urin, Blut, Haare, Abstriche oder Geschabsel untersuchen lassen. Daf\u00fcr arbeite ich vorrangig<strong> mit dem Veterin\u00e4rlabor<\/strong> <a rel=\"noreferrer noopener\" href=\"http:\/\/vetscreen.de\/\" target=\"_blank\">VetSCREEN<\/a> zusammen.<\/p>\n\n\n\n<h4 class=\"wp-block-heading\"><strong>Unter\nBer\u00fccksichtigung all dieser Einzelheiten wird das Gesamtbild der Erkrankung Ihres\nTieres erstellt. Somit kann ich ein ganz individuelles Therapiekonzept\nerstellen.<\/strong><\/h4>\n\n\n\n<p style=\"text-align:right\">Zur\u00fcck: <a href=\"https:\/\/tierheilpraxis-lengerich.de\/\"><em>Startseite<\/em><\/a><\/p>\n\n\n\n<p><\/p>\n","protected":false},"excerpt":{"rendered":"<p>Klassische Anamnese und manuelle Untersuchung Durch ein intensives Gespr\u00e4ch mit dem Besitzer oder Pfleger werden die Besonderheiten des Patienten, der Krankheitsgeschichte, aber auch der gesundheitsmodulierenden Einflussfaktoren aufgenommen. Darauf erfolgt eine Untersuchung von Kopf bis Fu\u00df. Durch abtasten, abh\u00f6ren und beobachten kann ich viele Hinweise \u00fcber die Erkrankung erlangen. OME-Testung R\u00fcckschl\u00fcsse des jeweiligen Gesundheitszustandes der einzelnen &hellip; <a href=\"https:\/\/tierheilpraxis-lengerich.de\/?page_id=100\" class=\"more-link\"><span class=\"screen-reader-text\">Untersuchungsmethoden<\/span> weiterlesen<\/a><\/p>\n","protected":false},"author":1,"featured_media":0,"parent":0,"menu_order":5,"comment_status":"closed","ping_status":"closed","template":"","meta":{"footnotes":""},"class_list":["post-100","page","type-page","status-publish","hentry"],"_links":{"self":[{"href":"https:\/\/tierheilpraxis-lengerich.de\/index.php?rest_route=\/wp\/v2\/pages\/100","targetHints":{"allow":["GET"]}}],"collection":[{"href":"https:\/\/tierheilpraxis-lengerich.de\/index.php?rest_route=\/wp\/v2\/pages"}],"about":[{"href":"https:\/\/tierheilpraxis-lengerich.de\/index.php?rest_route=\/wp\/v2\/types\/page"}],"author":[{"embeddable":true,"href":"https:\/\/tierheilpraxis-lengerich.de\/index.php?rest_route=\/wp\/v2\/users\/1"}],"replies":[{"embeddable":true,"href":"https:\/\/tierheilpraxis-lengerich.de\/index.php?rest_route=%2Fwp%2Fv2%2Fcomments&post=100"}],"version-history":[{"count":6,"href":"https:\/\/tierheilpraxis-lengerich.de\/index.php?rest_route=\/wp\/v2\/pages\/100\/revisions"}],"predecessor-version":[{"id":806,"href":"https:\/\/tierheilpraxis-lengerich.de\/index.php?rest_route=\/wp\/v2\/pages\/100\/revisions\/806"}],"wp:attachment":[{"href":"https:\/\/tierheilpraxis-lengerich.de\/index.php?rest_route=%2Fwp%2Fv2%2Fmedia&parent=100"}],"curies":[{"name":"wp","href":"https:\/\/api.w.org\/{rel}","templated":true}]}}